{"id":206,"date":"2025-08-11T11:44:59","date_gmt":"2025-08-11T11:44:59","guid":{"rendered":"http:\/\/lefoyerdesabeilles.fr\/?page_id=206"},"modified":"2025-09-11T12:21:11","modified_gmt":"2025-09-11T12:21:11","slug":"nos-activites","status":"publish","type":"page","link":"https:\/\/lefoyerdesabeilles.fr\/index.php\/nos-activites\/","title":{"rendered":"Nos activit\u00e9s et ateliers"},"content":{"rendered":"\n<p><em>Des activit\u00e9s pour toutes et tous, toute l\u2019ann\u00e9e<\/em> !<\/p>\n\n\n\n<p>Le <strong>Foyer des Abeilles<\/strong> vous propose un large choix d\u2019activit\u00e9s sportives, culturelles, cr\u00e9atives et sociales, accessibles \u00e0 tous les \u00e2ges et \u00e0 tous les niveaux.<br>Que vous ayez envie de bouger, de cr\u00e9er, de partager ou de d\u00e9couvrir, vous trouverez votre place parmi nous !<\/p>\n\n\n\n<p>Explorez les diff\u00e9rents onglets pour d\u00e9couvrir tout ce que nous vous r\u00e9servons.<\/p>\n","protected":false},"excerpt":{"rendered":"<p>Des activit\u00e9s pour toutes et tous, toute l\u2019ann\u00e9e ! Le Foyer des Abeilles vous propose un large choix d\u2019activit\u00e9s sportives, culturelles, cr\u00e9atives et sociales, accessibles \u00e0 tous les \u00e2ges et \u00e0 tous les niveaux.Que vous ayez envie de bouger, de cr\u00e9er, de partager ou de d\u00e9couvrir, vous trouverez votre place parmi nous ! Explorez les&hellip;&nbsp;<a href=\"https:\/\/lefoyerdesabeilles.fr\/index.php\/nos-activites\/\" rel=\"bookmark\"><span class=\"screen-reader-text\">Nos activit\u00e9s et ateliers<\/span><\/a><\/p>\n","protected":false},"author":1,"featured_media":0,"parent":0,"menu_order":0,"comment_status":"closed","ping_status":"closed","template":"","meta":{"neve_meta_sidebar":"","neve_meta_container":"","neve_meta_enable_content_width":"","neve_meta_content_width":0,"neve_meta_title_alignment":"","neve_meta_author_avatar":"","neve_post_elements_order":"","neve_meta_disable_header":"","neve_meta_disable_footer":"","neve_meta_disable_title":"","footnotes":""},"class_list":["post-206","page","type-page","status-publish","hentry"],"_links":{"self":[{"href":"https:\/\/lefoyerdesabeilles.fr\/index.php\/wp-json\/wp\/v2\/pages\/206","targetHints":{"allow":["GET"]}}],"collection":[{"href":"https:\/\/lefoyerdesabeilles.fr\/index.php\/wp-json\/wp\/v2\/pages"}],"about":[{"href":"https:\/\/lefoyerdesabeilles.fr\/index.php\/wp-json\/wp\/v2\/types\/page"}],"author":[{"embeddable":true,"href":"https:\/\/lefoyerdesabeilles.fr\/index.php\/wp-json\/wp\/v2\/users\/1"}],"replies":[{"embeddable":true,"href":"https:\/\/lefoyerdesabeilles.fr\/index.php\/wp-json\/wp\/v2\/comments?post=206"}],"version-history":[{"count":7,"href":"https:\/\/lefoyerdesabeilles.fr\/index.php\/wp-json\/wp\/v2\/pages\/206\/revisions"}],"predecessor-version":[{"id":813,"href":"https:\/\/lefoyerdesabeilles.fr\/index.php\/wp-json\/wp\/v2\/pages\/206\/revisions\/813"}],"wp:attachment":[{"href":"https:\/\/lefoyerdesabeilles.fr\/index.php\/wp-json\/wp\/v2\/media?parent=206"}],"curies":[{"name":"wp","href":"https:\/\/api.w.org\/{rel}","templated":true}]}}