{"id":207,"date":"2025-08-11T11:44:59","date_gmt":"2025-08-11T11:44:59","guid":{"rendered":"http:\/\/lefoyerdesabeilles.fr\/?page_id=207"},"modified":"2025-09-11T12:18:40","modified_gmt":"2025-09-11T12:18:40","slug":"section-sports","status":"publish","type":"page","link":"https:\/\/lefoyerdesabeilles.fr\/index.php\/section-sports\/","title":{"rendered":"Section sports"},"content":{"rendered":"\n<p><em>Bouger, se d\u00e9passer, se d\u00e9tendre<\/em><\/p>\n\n\n\n<p>La section sport du Foyer des Abeilles r\u00e9unit des activit\u00e9s vari\u00e9es, adapt\u00e9es \u00e0 tous les profils :<\/p>\n\n\n\n<ul class=\"wp-block-list\">\n<li><strong>Activit\u00e9s de bien-\u00eatre<\/strong> pour renforcer le corps et apaiser l\u2019esprit (yoga, pilates \u2026)<\/li>\n\n\n\n<li><strong>Activit\u00e9s dynamiques<\/strong> pour les amateurs de mouvement et de d\u00e9fis (VTT, boxe, judo, danse\u2026)<\/li>\n\n\n\n<li><strong>S\u00e9ances accessibles \u00e0 tous les niveaux<\/strong>, du d\u00e9butant au confirm\u00e9.<\/li>\n<\/ul>\n\n\n\n<p>Que vous cherchiez la convivialit\u00e9, la performance ou simplement un moment pour vous, nos activit\u00e9s sportives sauront r\u00e9pondre \u00e0 vos attentes.<\/p>\n","protected":false},"excerpt":{"rendered":"<p>Bouger, se d\u00e9passer, se d\u00e9tendre La section sport du Foyer des Abeilles r\u00e9unit des activit\u00e9s vari\u00e9es, adapt\u00e9es \u00e0 tous les profils : Que vous cherchiez la convivialit\u00e9, la performance ou simplement un moment pour vous, nos activit\u00e9s sportives sauront r\u00e9pondre \u00e0 vos attentes.<\/p>\n","protected":false},"author":1,"featured_media":0,"parent":0,"menu_order":0,"comment_status":"closed","ping_status":"closed","template":"","meta":{"neve_meta_sidebar":"","neve_meta_container":"","neve_meta_enable_content_width":"","neve_meta_content_width":0,"neve_meta_title_alignment":"","neve_meta_author_avatar":"","neve_post_elements_order":"","neve_meta_disable_header":"","neve_meta_disable_footer":"","neve_meta_disable_title":"","footnotes":""},"class_list":["post-207","page","type-page","status-publish","hentry"],"_links":{"self":[{"href":"https:\/\/lefoyerdesabeilles.fr\/index.php\/wp-json\/wp\/v2\/pages\/207","targetHints":{"allow":["GET"]}}],"collection":[{"href":"https:\/\/lefoyerdesabeilles.fr\/index.php\/wp-json\/wp\/v2\/pages"}],"about":[{"href":"https:\/\/lefoyerdesabeilles.fr\/index.php\/wp-json\/wp\/v2\/types\/page"}],"author":[{"embeddable":true,"href":"https:\/\/lefoyerdesabeilles.fr\/index.php\/wp-json\/wp\/v2\/users\/1"}],"replies":[{"embeddable":true,"href":"https:\/\/lefoyerdesabeilles.fr\/index.php\/wp-json\/wp\/v2\/comments?post=207"}],"version-history":[{"count":5,"href":"https:\/\/lefoyerdesabeilles.fr\/index.php\/wp-json\/wp\/v2\/pages\/207\/revisions"}],"predecessor-version":[{"id":810,"href":"https:\/\/lefoyerdesabeilles.fr\/index.php\/wp-json\/wp\/v2\/pages\/207\/revisions\/810"}],"wp:attachment":[{"href":"https:\/\/lefoyerdesabeilles.fr\/index.php\/wp-json\/wp\/v2\/media?parent=207"}],"curies":[{"name":"wp","href":"https:\/\/api.w.org\/{rel}","templated":true}]}}