{"id":208,"date":"2025-08-11T11:44:59","date_gmt":"2025-08-11T11:44:59","guid":{"rendered":"http:\/\/lefoyerdesabeilles.fr\/?page_id=208"},"modified":"2025-08-16T18:43:36","modified_gmt":"2025-08-16T18:43:36","slug":"infos-et-contact","status":"publish","type":"page","link":"https:\/\/lefoyerdesabeilles.fr\/index.php\/infos-et-contact\/","title":{"rendered":"Contact"},"content":{"rendered":"\n<p>Le foyer des abeilles est <strong>ouvert au public<\/strong> durant nos <strong>permanences <\/strong>administratives les <strong>mardis et jeudis matins de 9h \u00e0 11h<\/strong> et lors des <strong>Instants Parentali&#8217;Th\u00e9<\/strong> les <strong>vendredis apr\u00e8s-midi de 13h45 \u00e0 16h<\/strong>.<\/p>\n\n\n\n<p>N&#8217;h\u00e9sitez-pas \u00e0 passer nous voir !<\/p>\n\n\n\n<h2 class=\"wp-block-heading\">Formulaire de contact<\/h2>\n\n\n\n<p>Chaque message est comme une graine : il fait grandir notre ruche.<br>Partagez votre id\u00e9e, votre question ou votre projet avec nous, et nous vous \u00e9crirons en retour.<\/p>\n\n\n<style id=\"wpforms-css-vars-263-block-21cedba3-fbcd-4247-ad0f-0152c20a3692\">\n\t\t\t\t#wpforms-263.wpforms-block-21cedba3-fbcd-4247-ad0f-0152c20a3692 {\n\t\t\t\t--wpforms-field-size-input-height: 43px;\n--wpforms-field-size-input-spacing: 15px;\n--wpforms-field-size-font-size: 16px;\n--wpforms-field-size-line-height: 19px;\n--wpforms-field-size-padding-h: 14px;\n--wpforms-field-size-checkbox-size: 16px;\n--wpforms-field-size-sublabel-spacing: 5px;\n--wpforms-field-size-icon-size: 1;\n--wpforms-label-size-font-size: 16px;\n--wpforms-label-size-line-height: 19px;\n--wpforms-label-size-sublabel-font-size: 14px;\n--wpforms-label-size-sublabel-line-height: 17px;\n--wpforms-button-size-font-size: 17px;\n--wpforms-button-size-height: 41px;\n--wpforms-button-size-padding-h: 15px;\n--wpforms-button-size-margin-top: 10px;\n\t\t\t}\n\t\t\t<\/style><div class=\"wpforms-container wpforms-container-full wpforms-block wpforms-block-21cedba3-fbcd-4247-ad0f-0152c20a3692 wpforms-render-modern\" id=\"wpforms-263\"><form id=\"wpforms-form-263\" class=\"wpforms-validate wpforms-form wpforms-ajax-form\" data-formid=\"263\" method=\"post\" enctype=\"multipart\/form-data\" action=\"\/index.php\/wp-json\/wp\/v2\/pages\/208\" data-token=\"4b616483fdb79b47528a91532a47817a\" data-token-time=\"1775586107\"><noscript class=\"wpforms-error-noscript\">Please enable JavaScript in your browser to complete this form.<\/noscript><div id=\"wpforms-error-noscript\" style=\"display: none;\">Please enable JavaScript in your browser to complete this form.<\/div><div class=\"wpforms-field-container\"><div id=\"wpforms-263-field_1-container\" class=\"wpforms-field wpforms-field-name\" data-field-id=\"1\"><fieldset><legend class=\"wpforms-field-label\">Nom <span class=\"wpforms-required-label\" aria-hidden=\"true\">*<\/span><\/legend><div class=\"wpforms-field-row wpforms-field-medium\"><div class=\"wpforms-field-row-block wpforms-first wpforms-one-half\"><input type=\"text\" id=\"wpforms-263-field_1\" class=\"wpforms-field-name-first wpforms-field-required\" name=\"wpforms[fields][1][first]\" aria-errormessage=\"wpforms-263-field_1-error\" required><label for=\"wpforms-263-field_1\" class=\"wpforms-field-sublabel after\">First<\/label><\/div><div class=\"wpforms-field-row-block wpforms-one-half\"><input type=\"text\" id=\"wpforms-263-field_1-last\" class=\"wpforms-field-name-last wpforms-field-required\" name=\"wpforms[fields][1][last]\" aria-errormessage=\"wpforms-263-field_1-last-error\" required><label for=\"wpforms-263-field_1-last\" class=\"wpforms-field-sublabel after\">Last<\/label><\/div><\/div><\/fieldset><\/div><div id=\"wpforms-263-field_2-container\" class=\"wpforms-field wpforms-field-email\" data-field-id=\"2\"><label class=\"wpforms-field-label\" for=\"wpforms-263-field_2\">E-mail <span class=\"wpforms-required-label\" aria-hidden=\"true\">*<\/span><\/label><input type=\"email\" id=\"wpforms-263-field_2\" class=\"wpforms-field-medium wpforms-field-required\" name=\"wpforms[fields][2]\" spellcheck=\"false\" aria-errormessage=\"wpforms-263-field_2-error\" required><\/div>\t\t<div id=\"wpforms-263-field_4-container\"\n\t\t\tclass=\"wpforms-field wpforms-field-text\"\n\t\t\tdata-field-type=\"text\"\n\t\t\tdata-field-id=\"4\"\n\t\t\t>\n\t\t\t<label class=\"wpforms-field-label\" for=\"wpforms-263-field_4\" >Nom ou Commentaire<\/label>\n\t\t\t<input type=\"text\" id=\"wpforms-263-field_4\" class=\"wpforms-field-medium\" name=\"wpforms[fields][4]\" >\n\t\t<\/div>\n\t\t<div id=\"wpforms-263-field_3-container\" class=\"wpforms-field wpforms-field-textarea\" data-field-id=\"3\"><label class=\"wpforms-field-label\" for=\"wpforms-263-field_3\">Commentaire ou message<\/label><textarea id=\"wpforms-263-field_3\" class=\"wpforms-field-medium\" name=\"wpforms[fields][3]\" aria-errormessage=\"wpforms-263-field_3-error\" ><\/textarea><\/div><script>\n\t\t\t\t( function() {\n\t\t\t\t\tconst style = document.createElement( 'style' );\n\t\t\t\t\tstyle.appendChild( document.createTextNode( '#wpforms-263-field_4-container { position: absolute !important; overflow: hidden !important; display: inline !important; height: 1px !important; width: 1px !important; z-index: -1000 !important; padding: 0 !important; } #wpforms-263-field_4-container input { visibility: hidden; } #wpforms-conversational-form-page #wpforms-263-field_4-container label { counter-increment: none; }' ) );\n\t\t\t\t\tdocument.head.appendChild( style );\n\t\t\t\t\tdocument.currentScript?.remove();\n\t\t\t\t} )();\n\t\t\t<\/script><\/div><!-- .wpforms-field-container --><div class=\"wpforms-submit-container\" ><input type=\"hidden\" name=\"wpforms[id]\" value=\"263\"><input type=\"hidden\" name=\"page_title\" value=\"\"><input type=\"hidden\" name=\"page_url\" value=\"https:\/\/lefoyerdesabeilles.fr\/index.php\/wp-json\/wp\/v2\/pages\/208\"><input type=\"hidden\" name=\"url_referer\" value=\"\"><button type=\"submit\" name=\"wpforms[submit]\" id=\"wpforms-submit-263\" class=\"wpforms-submit\" data-alt-text=\"Envoi...\" data-submit-text=\"Envoyer\" aria-live=\"assertive\" value=\"wpforms-submit\">Envoyer<\/button><img loading=\"lazy\" decoding=\"async\" src=\"https:\/\/lefoyerdesabeilles.fr\/wp-content\/plugins\/wpforms-lite\/assets\/images\/submit-spin.svg\" class=\"wpforms-submit-spinner\" style=\"display: none;\" width=\"26\" height=\"26\" alt=\"Loading\"><\/div><\/form><\/div>  <!-- .wpforms-container -->\n\n\n<h2 class=\"wp-block-heading\">Votre avis compte !<\/h2>\n\n\n\n<div class=\"wp-block-file\"><a id=\"wp-block-file--media-531af692-3524-44d8-b689-5ce250cb7016\" href=\"http:\/\/lefoyerdesabeilles.fr\/wp-content\/uploads\/2025\/08\/dc124700-eaab-450c-bfe0-b95de5d168921-1.jpg\">Questionnaire fonctionnement foyer<\/a><a href=\"http:\/\/lefoyerdesabeilles.fr\/wp-content\/uploads\/2025\/08\/dc124700-eaab-450c-bfe0-b95de5d168921-1.jpg\" class=\"wp-block-file__button wp-element-button\" download aria-describedby=\"wp-block-file--media-531af692-3524-44d8-b689-5ce250cb7016\">T\u00e9l\u00e9charger<\/a><\/div>\n\n\n\n<figure class=\"wp-block-image size-large is-resized\"><img loading=\"lazy\" decoding=\"async\" width=\"804\" height=\"1024\" src=\"http:\/\/lefoyerdesabeilles.fr\/wp-content\/uploads\/2025\/08\/dc124700-eaab-450c-bfe0-b95de5d168921-2-804x1024.jpg\" alt=\"\" class=\"wp-image-294\" style=\"width:98px;height:auto\" srcset=\"https:\/\/lefoyerdesabeilles.fr\/wp-content\/uploads\/2025\/08\/dc124700-eaab-450c-bfe0-b95de5d168921-2-804x1024.jpg 804w, https:\/\/lefoyerdesabeilles.fr\/wp-content\/uploads\/2025\/08\/dc124700-eaab-450c-bfe0-b95de5d168921-2-236x300.jpg 236w, https:\/\/lefoyerdesabeilles.fr\/wp-content\/uploads\/2025\/08\/dc124700-eaab-450c-bfe0-b95de5d168921-2-768x978.jpg 768w, https:\/\/lefoyerdesabeilles.fr\/wp-content\/uploads\/2025\/08\/dc124700-eaab-450c-bfe0-b95de5d168921-2-1207x1536.jpg 1207w, https:\/\/lefoyerdesabeilles.fr\/wp-content\/uploads\/2025\/08\/dc124700-eaab-450c-bfe0-b95de5d168921-2.jpg 1257w\" sizes=\"auto, (max-width: 804px) 100vw, 804px\" \/><\/figure>\n","protected":false},"excerpt":{"rendered":"<p>Le foyer des abeilles est ouvert au public durant nos permanences administratives les mardis et jeudis matins de 9h \u00e0 11h et lors des Instants Parentali&#8217;Th\u00e9 les vendredis apr\u00e8s-midi de 13h45 \u00e0 16h. N&#8217;h\u00e9sitez-pas \u00e0 passer nous voir ! Formulaire de contact Chaque message est comme une graine : il fait grandir notre ruche.Partagez votre&hellip;&nbsp;<a href=\"https:\/\/lefoyerdesabeilles.fr\/index.php\/infos-et-contact\/\" rel=\"bookmark\"><span class=\"screen-reader-text\">Contact<\/span><\/a><\/p>\n","protected":false},"author":1,"featured_media":0,"parent":0,"menu_order":0,"comment_status":"closed","ping_status":"closed","template":"","meta":{"neve_meta_sidebar":"","neve_meta_container":"","neve_meta_enable_content_width":"","neve_meta_content_width":0,"neve_meta_title_alignment":"","neve_meta_author_avatar":"","neve_post_elements_order":"","neve_meta_disable_header":"","neve_meta_disable_footer":"","neve_meta_disable_title":"","footnotes":""},"class_list":["post-208","page","type-page","status-publish","hentry"],"_links":{"self":[{"href":"https:\/\/lefoyerdesabeilles.fr\/index.php\/wp-json\/wp\/v2\/pages\/208","targetHints":{"allow":["GET"]}}],"collection":[{"href":"https:\/\/lefoyerdesabeilles.fr\/index.php\/wp-json\/wp\/v2\/pages"}],"about":[{"href":"https:\/\/lefoyerdesabeilles.fr\/index.php\/wp-json\/wp\/v2\/types\/page"}],"author":[{"embeddable":true,"href":"https:\/\/lefoyerdesabeilles.fr\/index.php\/wp-json\/wp\/v2\/users\/1"}],"replies":[{"embeddable":true,"href":"https:\/\/lefoyerdesabeilles.fr\/index.php\/wp-json\/wp\/v2\/comments?post=208"}],"version-history":[{"count":6,"href":"https:\/\/lefoyerdesabeilles.fr\/index.php\/wp-json\/wp\/v2\/pages\/208\/revisions"}],"predecessor-version":[{"id":398,"href":"https:\/\/lefoyerdesabeilles.fr\/index.php\/wp-json\/wp\/v2\/pages\/208\/revisions\/398"}],"wp:attachment":[{"href":"https:\/\/lefoyerdesabeilles.fr\/index.php\/wp-json\/wp\/v2\/media?parent=208"}],"curies":[{"name":"wp","href":"https:\/\/api.w.org\/{rel}","templated":true}]}}