{"id":210,"date":"2025-08-11T11:44:59","date_gmt":"2025-08-11T11:44:59","guid":{"rendered":"http:\/\/lefoyerdesabeilles.fr\/?page_id=210"},"modified":"2026-02-03T08:44:53","modified_gmt":"2026-02-03T08:44:53","slug":"linstant-parentalithe","status":"publish","type":"page","link":"https:\/\/lefoyerdesabeilles.fr\/index.php\/linstant-parentalithe\/","title":{"rendered":"Le caf\u00e9 parents"},"content":{"rendered":"\n<p><strong>Votre rendez-vous Hebdomadaire<\/strong><\/p>\n\n\n\n<p>Depuis d\u00e9but 2025, le caf\u00e9 parents (anciennement Instant Parentali&#8217;Th\u00e9)\u00a0est une initiative qui vise \u00e0 offrir un espace convivial et accueillant pour les parents et leurs jeunes enfants. Ce rendez-vous hebdomadaire gratuit propose un cadre id\u00e9al pour \u00e9changer, partager des exp\u00e9riences\u00a0et se d\u00e9tendre avec d&#8217;autres familles.<\/p>\n\n\n\n<p>Un espace&nbsp;jeux est d\u00e9di\u00e9&nbsp;aux&nbsp;b\u00e9b\u00e9s et enfants.&nbsp;<\/p>\n\n\n\n<p><strong>Pourquoi participer\u00a0au caf\u00e9 parents<\/strong><strong>\u00a0?<\/strong><\/p>\n\n\n\n<p>Participer \u00e0\u00a0notre caf\u00e9 parents\u00a0permet aux familles de rencontrer d&#8217;autres personnes vivant des exp\u00e9riences similaires. C&#8217;est l&#8217;occasion de partager des astuces et des exp\u00e9riences personnelles concernant la\u00a0parentalit\u00e9. Ce soutien mutuel peut \u00eatre tr\u00e8s b\u00e9n\u00e9fique, surtout pour les nouveaux parents qui peuvent se sentir isol\u00e9s.<\/p>\n\n\n\n<p>Avec le caf\u00e9 parents, vous vous ouvrez \u00e0 une communaut\u00e9 de soutien, de partage et de bienveillance. <br><\/p>\n\n\n\n<p>C\u2019est une belle mani\u00e8re de cl\u00f4turer chaque semaine !<\/p>\n\n\n\n<p><\/p>\n\n\n\n<p><\/p>\n\n\n\n<p><\/p>\n","protected":false},"excerpt":{"rendered":"<p>Votre rendez-vous Hebdomadaire Depuis d\u00e9but 2025, le caf\u00e9 parents (anciennement Instant Parentali&#8217;Th\u00e9)\u00a0est une initiative qui vise \u00e0 offrir un espace convivial et accueillant pour les parents et leurs jeunes enfants. Ce rendez-vous hebdomadaire gratuit propose un cadre id\u00e9al pour \u00e9changer, partager des exp\u00e9riences\u00a0et se d\u00e9tendre avec d&#8217;autres familles. Un espace&nbsp;jeux est d\u00e9di\u00e9&nbsp;aux&nbsp;b\u00e9b\u00e9s et enfants.&nbsp; Pourquoi&hellip;&nbsp;<a href=\"https:\/\/lefoyerdesabeilles.fr\/index.php\/linstant-parentalithe\/\" rel=\"bookmark\"><span class=\"screen-reader-text\">Le caf\u00e9 parents<\/span><\/a><\/p>\n","protected":false},"author":1,"featured_media":0,"parent":0,"menu_order":0,"comment_status":"closed","ping_status":"closed","template":"","meta":{"neve_meta_sidebar":"","neve_meta_container":"","neve_meta_enable_content_width":"","neve_meta_content_width":0,"neve_meta_title_alignment":"","neve_meta_author_avatar":"","neve_post_elements_order":"","neve_meta_disable_header":"","neve_meta_disable_footer":"","neve_meta_disable_title":"","footnotes":""},"class_list":["post-210","page","type-page","status-publish","hentry"],"_links":{"self":[{"href":"https:\/\/lefoyerdesabeilles.fr\/index.php\/wp-json\/wp\/v2\/pages\/210","targetHints":{"allow":["GET"]}}],"collection":[{"href":"https:\/\/lefoyerdesabeilles.fr\/index.php\/wp-json\/wp\/v2\/pages"}],"about":[{"href":"https:\/\/lefoyerdesabeilles.fr\/index.php\/wp-json\/wp\/v2\/types\/page"}],"author":[{"embeddable":true,"href":"https:\/\/lefoyerdesabeilles.fr\/index.php\/wp-json\/wp\/v2\/users\/1"}],"replies":[{"embeddable":true,"href":"https:\/\/lefoyerdesabeilles.fr\/index.php\/wp-json\/wp\/v2\/comments?post=210"}],"version-history":[{"count":13,"href":"https:\/\/lefoyerdesabeilles.fr\/index.php\/wp-json\/wp\/v2\/pages\/210\/revisions"}],"predecessor-version":[{"id":941,"href":"https:\/\/lefoyerdesabeilles.fr\/index.php\/wp-json\/wp\/v2\/pages\/210\/revisions\/941"}],"wp:attachment":[{"href":"https:\/\/lefoyerdesabeilles.fr\/index.php\/wp-json\/wp\/v2\/media?parent=210"}],"curies":[{"name":"wp","href":"https:\/\/api.w.org\/{rel}","templated":true}]}}