{"id":238,"date":"2025-08-14T12:01:31","date_gmt":"2025-08-14T12:01:31","guid":{"rendered":"http:\/\/lefoyerdesabeilles.fr\/?page_id=238"},"modified":"2025-09-11T12:23:29","modified_gmt":"2025-09-11T12:23:29","slug":"sorties-et-voyages","status":"publish","type":"page","link":"https:\/\/lefoyerdesabeilles.fr\/index.php\/sorties-et-voyages\/","title":{"rendered":"Sorties et voyages"},"content":{"rendered":"\n<p><em>Partager des moments conviviaux hors les murs<\/em><\/p>\n\n\n\n<p>Tout au long de l\u2019ann\u00e9e, le Foyer des Abeilles organise des sorties et voyages pour petits et grands.<br>Ces moments sont l\u2019occasion de d\u00e9couvrir de nouveaux horizons, de partager des instants conviviaux et de renforcer les liens entre adh\u00e9rents.<\/p>\n\n\n\n<p>Nos sorties :<\/p>\n\n\n\n<ul class=\"wp-block-list\">\n<li><strong>Excursions familiales<\/strong> (Bauduen, journ\u00e9es ski, randonn\u00e9es\u2026)<\/li>\n\n\n\n<li><strong>Parcs d\u2019attractions<\/strong> (Parc Spirou, etc.)<\/li>\n\n\n\n<li><strong>D\u00e9couvertes culturelles et festives<\/strong><\/li>\n<\/ul>\n\n\n\n<p>Venez vivre avec nous des exp\u00e9riences enrichissantes et des souvenirs inoubliables !<\/p>\n\n\n\n<p>Suivez notre actualit\u00e9 pour conna\u00eetre les prochaines dates\u202f! Sur nos Facebook et Instagram @lefoyerdesabeilles<\/p>\n","protected":false},"excerpt":{"rendered":"<p>Partager des moments conviviaux hors les murs Tout au long de l\u2019ann\u00e9e, le Foyer des Abeilles organise des sorties et voyages pour petits et grands.Ces moments sont l\u2019occasion de d\u00e9couvrir de nouveaux horizons, de partager des instants conviviaux et de renforcer les liens entre adh\u00e9rents. Nos sorties : Venez vivre avec nous des exp\u00e9riences enrichissantes&hellip;&nbsp;<a href=\"https:\/\/lefoyerdesabeilles.fr\/index.php\/sorties-et-voyages\/\" rel=\"bookmark\"><span class=\"screen-reader-text\">Sorties et voyages<\/span><\/a><\/p>\n","protected":false},"author":1,"featured_media":0,"parent":0,"menu_order":0,"comment_status":"closed","ping_status":"closed","template":"","meta":{"neve_meta_sidebar":"","neve_meta_container":"","neve_meta_enable_content_width":"","neve_meta_content_width":0,"neve_meta_title_alignment":"","neve_meta_author_avatar":"","neve_post_elements_order":"","neve_meta_disable_header":"","neve_meta_disable_footer":"","neve_meta_disable_title":"","footnotes":""},"class_list":["post-238","page","type-page","status-publish","hentry"],"_links":{"self":[{"href":"https:\/\/lefoyerdesabeilles.fr\/index.php\/wp-json\/wp\/v2\/pages\/238","targetHints":{"allow":["GET"]}}],"collection":[{"href":"https:\/\/lefoyerdesabeilles.fr\/index.php\/wp-json\/wp\/v2\/pages"}],"about":[{"href":"https:\/\/lefoyerdesabeilles.fr\/index.php\/wp-json\/wp\/v2\/types\/page"}],"author":[{"embeddable":true,"href":"https:\/\/lefoyerdesabeilles.fr\/index.php\/wp-json\/wp\/v2\/users\/1"}],"replies":[{"embeddable":true,"href":"https:\/\/lefoyerdesabeilles.fr\/index.php\/wp-json\/wp\/v2\/comments?post=238"}],"version-history":[{"count":13,"href":"https:\/\/lefoyerdesabeilles.fr\/index.php\/wp-json\/wp\/v2\/pages\/238\/revisions"}],"predecessor-version":[{"id":815,"href":"https:\/\/lefoyerdesabeilles.fr\/index.php\/wp-json\/wp\/v2\/pages\/238\/revisions\/815"}],"wp:attachment":[{"href":"https:\/\/lefoyerdesabeilles.fr\/index.php\/wp-json\/wp\/v2\/media?parent=238"}],"curies":[{"name":"wp","href":"https:\/\/api.w.org\/{rel}","templated":true}]}}