{"id":27,"date":"2025-08-01T11:44:42","date_gmt":"2025-08-01T11:44:42","guid":{"rendered":"http:\/\/lefoyerdesabeilles.fr\/?page_id=27"},"modified":"2025-09-11T12:11:57","modified_gmt":"2025-09-11T12:11:57","slug":"lassociation","status":"publish","type":"page","link":"https:\/\/lefoyerdesabeilles.fr\/index.php\/lassociation\/","title":{"rendered":"L&#8217;association"},"content":{"rendered":"\n<h3 class=\"wp-block-heading\"><mark style=\"background-color:rgba(0, 0, 0, 0);color:#f6b352\" class=\"has-inline-color\">Qui sommes-nous ?<\/mark><\/h3>\n\n\n\n<p>Le <strong>Foyer des Abeilles<\/strong> est une association situ\u00e9e \u00e0 Ginasservis (Var), qui r\u00e9unit des b\u00e9n\u00e9voles engag\u00e9s, anim\u00e9s par l\u2019envie de <strong>cr\u00e9er du lien<\/strong>, de <strong>favoriser le bien-\u00eatre<\/strong>, et de <strong>proposer des activit\u00e9s accessibles \u00e0 toutes et tous<\/strong>.<\/p>\n\n\n\n<p>Depuis sa cr\u00e9ation, notre association s\u2019attache \u00e0 offrir un <strong>lieu d\u2019\u00e9change, de partage et de convivialit\u00e9<\/strong> au c\u0153ur du village, gr\u00e2ce \u00e0 un programme vari\u00e9 :<\/p>\n\n\n\n<ul class=\"wp-block-list\">\n<li>des <strong>activit\u00e9s sportives<\/strong> pour tous les \u00e2ges et tous les niveaux,<\/li>\n\n\n\n<li>des <strong>ateliers pour enfants<\/strong>, ludiques et \u00e9ducatifs,<\/li>\n\n\n\n<li>des <strong>cours d&#8217;anglais pour enfants<\/strong> (diff\u00e9rents niveaux),<\/li>\n\n\n\n<li>des <strong>cercles de parole<\/strong> et <strong>ateliers sophrologie<\/strong> pour renforcer le lien social,<\/li>\n\n\n\n<li>des <strong>sorties et voyages<\/strong> \u00e0 tarif r\u00e9duit (parc Spirou, lac de Bauduen, journ\u00e9e ski etc),<\/li>\n\n\n\n<li>des <strong>repas et soir\u00e9es dansantes<\/strong> pour cr\u00e9er des souvenirs joyeux \u00e0 partager\u202f,<\/li>\n\n\n\n<li>le <strong>traditionnel No\u00ebl cr\u00e9atif<\/strong> \u00e0 la Ruche pour fabriquer vos propres d\u00e9corations<\/li>\n\n\n\n<li>et nouveaut\u00e9 \u00e0 compter de cette ann\u00e9e 2025, le <strong>march\u00e9 de No\u00ebl<\/strong>, qui se tiendra en fonction de la m\u00e9t\u00e9o sur la place du village ou \u00e0 la Ruche.<\/li>\n<\/ul>\n\n\n\n<h3 class=\"wp-block-heading\"><mark style=\"background-color:rgba(0, 0, 0, 0);color:#f6b352\" class=\"has-inline-color\">Nos valeurs :<\/mark><\/h3>\n\n\n\n<p>* <strong>Convivialit\u00e9<\/strong> : un esprit familial, ouvert et bienveillant<br>* <strong>Accessibilit\u00e9<\/strong> : des activit\u00e9s pour toutes et tous, tous les \u00e2ges et niveaux <br>* <strong>Partage<\/strong> : un engagement au service du collectif et du vivre-ensemble<\/p>\n\n\n\n<h3 class=\"wp-block-heading\"><mark style=\"background-color:rgba(0, 0, 0, 0);color:#f6b352\" class=\"has-inline-color\">Envie d\u2019en savoir plus ?<\/mark><\/h3>\n\n\n\n<p>Venez nous rencontrer lors de nos activit\u00e9s ou de nos \u00e9v\u00e9nements ! <br>Vous pouvez aussi nous contacter via <a href=\"https:\/\/lefoyerdesabeilles.fr\/index.php\/infos-et-contact\/\" data-type=\"link\" data-id=\"https:\/\/lefoyerdesabeilles.fr\/index.php\/infos-et-contact\/\">notre formulaire<\/a> ou sur <a class=\"\" href=\"https:\/\/www.instagram.com\/foyerdesabeilles\">Instagram<\/a>.<\/p>\n\n\n\n<p><\/p>\n","protected":false},"excerpt":{"rendered":"<p>Qui sommes-nous ? Le Foyer des Abeilles est une association situ\u00e9e \u00e0 Ginasservis (Var), qui r\u00e9unit des b\u00e9n\u00e9voles engag\u00e9s, anim\u00e9s par l\u2019envie de cr\u00e9er du lien, de favoriser le bien-\u00eatre, et de proposer des activit\u00e9s accessibles \u00e0 toutes et tous. Depuis sa cr\u00e9ation, notre association s\u2019attache \u00e0 offrir un lieu d\u2019\u00e9change, de partage et de&hellip;&nbsp;<a href=\"https:\/\/lefoyerdesabeilles.fr\/index.php\/lassociation\/\" rel=\"bookmark\"><span class=\"screen-reader-text\">L&#8217;association<\/span><\/a><\/p>\n","protected":false},"author":1,"featured_media":54,"parent":0,"menu_order":0,"comment_status":"closed","ping_status":"closed","template":"","meta":{"neve_meta_sidebar":"","neve_meta_container":"","neve_meta_enable_content_width":"","neve_meta_content_width":0,"neve_meta_title_alignment":"","neve_meta_author_avatar":"","neve_post_elements_order":"","neve_meta_disable_header":"","neve_meta_disable_footer":"","neve_meta_disable_title":"","footnotes":""},"class_list":["post-27","page","type-page","status-publish","has-post-thumbnail","hentry"],"_links":{"self":[{"href":"https:\/\/lefoyerdesabeilles.fr\/index.php\/wp-json\/wp\/v2\/pages\/27","targetHints":{"allow":["GET"]}}],"collection":[{"href":"https:\/\/lefoyerdesabeilles.fr\/index.php\/wp-json\/wp\/v2\/pages"}],"about":[{"href":"https:\/\/lefoyerdesabeilles.fr\/index.php\/wp-json\/wp\/v2\/types\/page"}],"author":[{"embeddable":true,"href":"https:\/\/lefoyerdesabeilles.fr\/index.php\/wp-json\/wp\/v2\/users\/1"}],"replies":[{"embeddable":true,"href":"https:\/\/lefoyerdesabeilles.fr\/index.php\/wp-json\/wp\/v2\/comments?post=27"}],"version-history":[{"count":15,"href":"https:\/\/lefoyerdesabeilles.fr\/index.php\/wp-json\/wp\/v2\/pages\/27\/revisions"}],"predecessor-version":[{"id":808,"href":"https:\/\/lefoyerdesabeilles.fr\/index.php\/wp-json\/wp\/v2\/pages\/27\/revisions\/808"}],"wp:featuredmedia":[{"embeddable":true,"href":"https:\/\/lefoyerdesabeilles.fr\/index.php\/wp-json\/wp\/v2\/media\/54"}],"wp:attachment":[{"href":"https:\/\/lefoyerdesabeilles.fr\/index.php\/wp-json\/wp\/v2\/media?parent=27"}],"curies":[{"name":"wp","href":"https:\/\/api.w.org\/{rel}","templated":true}]}}