{"id":276,"date":"2025-08-14T12:47:50","date_gmt":"2025-08-14T12:47:50","guid":{"rendered":"http:\/\/lefoyerdesabeilles.fr\/?page_id=276"},"modified":"2025-09-08T13:38:04","modified_gmt":"2025-09-08T13:38:04","slug":"boxe","status":"publish","type":"page","link":"https:\/\/lefoyerdesabeilles.fr\/index.php\/boxe\/","title":{"rendered":"Boxe"},"content":{"rendered":"\n<p><strong>Boxe adultes<\/strong><\/p>\n\n\n\n<p>Un sport complet pour travailler la force, l\u2019endurance et la coordination tout en apprenant des techniques pr\u00e9cises. Les cours sont encadr\u00e9s par un entra\u00eeneur qualifi\u00e9, dans un esprit de respect et de d\u00e9passement de soi.<\/p>\n\n\n\n<p><strong>Boxe enfants<\/strong><\/p>\n\n\n\n<p>Adapt\u00e9e aux plus jeunes, la boxe d\u00e9veloppe la motricit\u00e9, la confiance en soi et le respect des r\u00e8gles. Les s\u00e9ances sont ludiques et s\u00e9curis\u00e9es, pour initier les enfants au plaisir du sport et de l\u2019effort.<\/p>\n\n\n\n<p><strong>Intervenant :<\/strong> Didier Augustini<br><strong>Jour &amp; horaire :<\/strong> pour les enfants, les mercredis de 17h45 \u00e0 18h45 et pour les adultes les jeudis de 18h45 \u00e0 19h45<br><strong>\u00c2ge :<\/strong> \u00e0 partir de 7 ans<br><strong>Tarif :<\/strong> 110 euros l&#8217;ann\u00e9e pour enfant \/ 140 euros l&#8217;ann\u00e9e pour adultes<\/p>\n\n\n\n<figure class=\"wp-block-image size-large is-resized\"><img loading=\"lazy\" decoding=\"async\" width=\"741\" height=\"1024\" src=\"http:\/\/lefoyerdesabeilles.fr\/wp-content\/uploads\/2025\/08\/4BE798E0-FAE6-46F0-80C6-6A4F2961E8DB-741x1024.jpeg\" alt=\"\" class=\"wp-image-573\" style=\"width:395px;height:auto\" srcset=\"https:\/\/lefoyerdesabeilles.fr\/wp-content\/uploads\/2025\/08\/4BE798E0-FAE6-46F0-80C6-6A4F2961E8DB-741x1024.jpeg 741w, https:\/\/lefoyerdesabeilles.fr\/wp-content\/uploads\/2025\/08\/4BE798E0-FAE6-46F0-80C6-6A4F2961E8DB-217x300.jpeg 217w, https:\/\/lefoyerdesabeilles.fr\/wp-content\/uploads\/2025\/08\/4BE798E0-FAE6-46F0-80C6-6A4F2961E8DB-768x1061.jpeg 768w, https:\/\/lefoyerdesabeilles.fr\/wp-content\/uploads\/2025\/08\/4BE798E0-FAE6-46F0-80C6-6A4F2961E8DB-1112x1536.jpeg 1112w, https:\/\/lefoyerdesabeilles.fr\/wp-content\/uploads\/2025\/08\/4BE798E0-FAE6-46F0-80C6-6A4F2961E8DB.jpeg 1158w\" sizes=\"auto, (max-width: 741px) 100vw, 741px\" \/><\/figure>\n\n\n\n<p><\/p>\n","protected":false},"excerpt":{"rendered":"<p>Boxe adultes Un sport complet pour travailler la force, l\u2019endurance et la coordination tout en apprenant des techniques pr\u00e9cises. Les cours sont encadr\u00e9s par un entra\u00eeneur qualifi\u00e9, dans un esprit de respect et de d\u00e9passement de soi. Boxe enfants Adapt\u00e9e aux plus jeunes, la boxe d\u00e9veloppe la motricit\u00e9, la confiance en soi et le respect&hellip;&nbsp;<a href=\"https:\/\/lefoyerdesabeilles.fr\/index.php\/boxe\/\" rel=\"bookmark\"><span class=\"screen-reader-text\">Boxe<\/span><\/a><\/p>\n","protected":false},"author":1,"featured_media":0,"parent":0,"menu_order":0,"comment_status":"closed","ping_status":"closed","template":"","meta":{"neve_meta_sidebar":"","neve_meta_container":"","neve_meta_enable_content_width":"","neve_meta_content_width":0,"neve_meta_title_alignment":"","neve_meta_author_avatar":"","neve_post_elements_order":"","neve_meta_disable_header":"","neve_meta_disable_footer":"","neve_meta_disable_title":"","footnotes":""},"class_list":["post-276","page","type-page","status-publish","hentry"],"_links":{"self":[{"href":"https:\/\/lefoyerdesabeilles.fr\/index.php\/wp-json\/wp\/v2\/pages\/276","targetHints":{"allow":["GET"]}}],"collection":[{"href":"https:\/\/lefoyerdesabeilles.fr\/index.php\/wp-json\/wp\/v2\/pages"}],"about":[{"href":"https:\/\/lefoyerdesabeilles.fr\/index.php\/wp-json\/wp\/v2\/types\/page"}],"author":[{"embeddable":true,"href":"https:\/\/lefoyerdesabeilles.fr\/index.php\/wp-json\/wp\/v2\/users\/1"}],"replies":[{"embeddable":true,"href":"https:\/\/lefoyerdesabeilles.fr\/index.php\/wp-json\/wp\/v2\/comments?post=276"}],"version-history":[{"count":14,"href":"https:\/\/lefoyerdesabeilles.fr\/index.php\/wp-json\/wp\/v2\/pages\/276\/revisions"}],"predecessor-version":[{"id":751,"href":"https:\/\/lefoyerdesabeilles.fr\/index.php\/wp-json\/wp\/v2\/pages\/276\/revisions\/751"}],"wp:attachment":[{"href":"https:\/\/lefoyerdesabeilles.fr\/index.php\/wp-json\/wp\/v2\/media?parent=276"}],"curies":[{"name":"wp","href":"https:\/\/api.w.org\/{rel}","templated":true}]}}