{"id":277,"date":"2025-08-14T12:47:50","date_gmt":"2025-08-14T12:47:50","guid":{"rendered":"http:\/\/lefoyerdesabeilles.fr\/?page_id=277"},"modified":"2025-09-08T13:38:32","modified_gmt":"2025-09-08T13:38:32","slug":"judo","status":"publish","type":"page","link":"https:\/\/lefoyerdesabeilles.fr\/index.php\/judo\/","title":{"rendered":"Judo"},"content":{"rendered":"\n<h5 class=\"wp-block-heading\"><strong>Judo enfants<\/strong> \u00e0 partir de 6 ans<\/h5>\n\n\n\n<p>Un sport qui allie discipline, coordination et respect. Le judo aide les enfants \u00e0 canaliser leur \u00e9nergie, \u00e0 d\u00e9velopper leur motricit\u00e9 et \u00e0 cultiver l\u2019esprit d\u2019\u00e9quipe. <\/p>\n\n\n\n<h5 class=\"wp-block-heading\"><strong>Pr\u00e9-judo 4-5 ans<\/strong> <em>(nouveaut\u00e9)<\/em><\/h5>\n\n\n\n<p>Une initiation ludique au judo pour les plus petits. Les s\u00e9ances m\u00ealent jeux, motricit\u00e9 et apprentissage des bases, afin de pr\u00e9parer les enfants \u00e0 la pratique tout en s\u2019amusant.<\/p>\n\n\n\n<p><strong>Intervenant :<\/strong> Xavier Ollivier<br><strong>Jour &amp; horaire :<\/strong> Tous les mercredis de 10h \u00e0 10h45 pour les 4-5 ans et de 10h45 \u00e0 11h45 \u00e0 partir de 6 ans.<br><strong>\u00c2ge :<\/strong> \u00e0 partir de 4 ans<br><strong>Tarif :<\/strong> 200 euros l&#8217;ann\u00e9e<\/p>\n\n\n\n<div class=\"wp-block-file\"><a id=\"wp-block-file--media-1fb3c665-8a13-4524-b4f5-ea332959f348\" href=\"https:\/\/lefoyerdesabeilles.fr\/wp-content\/uploads\/2025\/08\/Flyers-Judo-Ginasservis-1.pdf\" target=\"_blank\" rel=\"noreferrer noopener\">Flyers Judo Ginasservis<\/a><\/div>\n","protected":false},"excerpt":{"rendered":"<p>Judo enfants \u00e0 partir de 6 ans Un sport qui allie discipline, coordination et respect. Le judo aide les enfants \u00e0 canaliser leur \u00e9nergie, \u00e0 d\u00e9velopper leur motricit\u00e9 et \u00e0 cultiver l\u2019esprit d\u2019\u00e9quipe. Pr\u00e9-judo 4-5 ans (nouveaut\u00e9) Une initiation ludique au judo pour les plus petits. Les s\u00e9ances m\u00ealent jeux, motricit\u00e9 et apprentissage des bases,&hellip;&nbsp;<a href=\"https:\/\/lefoyerdesabeilles.fr\/index.php\/judo\/\" rel=\"bookmark\"><span class=\"screen-reader-text\">Judo<\/span><\/a><\/p>\n","protected":false},"author":1,"featured_media":0,"parent":0,"menu_order":0,"comment_status":"closed","ping_status":"closed","template":"","meta":{"neve_meta_sidebar":"","neve_meta_container":"","neve_meta_enable_content_width":"","neve_meta_content_width":0,"neve_meta_title_alignment":"","neve_meta_author_avatar":"","neve_post_elements_order":"","neve_meta_disable_header":"","neve_meta_disable_footer":"","neve_meta_disable_title":"","footnotes":""},"class_list":["post-277","page","type-page","status-publish","hentry"],"_links":{"self":[{"href":"https:\/\/lefoyerdesabeilles.fr\/index.php\/wp-json\/wp\/v2\/pages\/277","targetHints":{"allow":["GET"]}}],"collection":[{"href":"https:\/\/lefoyerdesabeilles.fr\/index.php\/wp-json\/wp\/v2\/pages"}],"about":[{"href":"https:\/\/lefoyerdesabeilles.fr\/index.php\/wp-json\/wp\/v2\/types\/page"}],"author":[{"embeddable":true,"href":"https:\/\/lefoyerdesabeilles.fr\/index.php\/wp-json\/wp\/v2\/users\/1"}],"replies":[{"embeddable":true,"href":"https:\/\/lefoyerdesabeilles.fr\/index.php\/wp-json\/wp\/v2\/comments?post=277"}],"version-history":[{"count":11,"href":"https:\/\/lefoyerdesabeilles.fr\/index.php\/wp-json\/wp\/v2\/pages\/277\/revisions"}],"predecessor-version":[{"id":753,"href":"https:\/\/lefoyerdesabeilles.fr\/index.php\/wp-json\/wp\/v2\/pages\/277\/revisions\/753"}],"wp:attachment":[{"href":"https:\/\/lefoyerdesabeilles.fr\/index.php\/wp-json\/wp\/v2\/media?parent=277"}],"curies":[{"name":"wp","href":"https:\/\/api.w.org\/{rel}","templated":true}]}}