{"id":29,"date":"2025-08-01T11:44:42","date_gmt":"2025-08-01T11:44:42","guid":{"rendered":"http:\/\/lefoyerdesabeilles.fr\/?page_id=29"},"modified":"2026-02-03T08:38:37","modified_gmt":"2026-02-03T08:38:37","slug":"lequipe","status":"publish","type":"page","link":"https:\/\/lefoyerdesabeilles.fr\/index.php\/lequipe\/","title":{"rendered":"L&#8217;\u00e9quipe"},"content":{"rendered":"\n<p>Le Foyer des Abeilles fonctionne gr\u00e2ce \u00e0 un bureau associatif et \u00e0 l\u2019implication pr\u00e9cieuse de ses b\u00e9n\u00e9voles. Au total, 9 b\u00e9n\u00e9voles dont une salari\u00e9e depuis septembre 2025, qui s\u2019investissent au quotidien pour faire vivre cette association !<\/p>\n\n\n\n<h5 class=\"wp-block-heading\"><strong><mark style=\"background-color:rgba(0, 0, 0, 0);color:#f6b352\" class=\"has-inline-color\">Le bureau<\/mark><\/strong><\/h5>\n\n\n\n<p>Pr\u00e9sidente : Josiane Vincent <br>Vice-Pr\u00e9sidente : Magalie Portas<br>Tr\u00e9sori\u00e8re : Charline Angot<br>Secr\u00e9taire : H\u00e9l\u00e8ne Kergoat <br>Vice-Secr\u00e9taire : Marjorie Bernabeu<\/p>\n\n\n\n<h5 class=\"wp-block-heading\"><strong><mark style=\"background-color:rgba(0, 0, 0, 0);color:#f6b352\" class=\"has-inline-color\">Les autres membres du CA <\/mark><\/strong><\/h5>\n\n\n\n<p>Fabienne Revel<br>C\u00e9dric De Maria<br>Aur\u00e9lie Tellier<br>Julie Pathier<br><br><\/p>\n","protected":false},"excerpt":{"rendered":"<p>Le Foyer des Abeilles fonctionne gr\u00e2ce \u00e0 un bureau associatif et \u00e0 l\u2019implication pr\u00e9cieuse de ses b\u00e9n\u00e9voles. Au total, 9 b\u00e9n\u00e9voles dont une salari\u00e9e depuis septembre 2025, qui s\u2019investissent au quotidien pour faire vivre cette association ! Le bureau Pr\u00e9sidente : Josiane Vincent Vice-Pr\u00e9sidente : Magalie PortasTr\u00e9sori\u00e8re : Charline AngotSecr\u00e9taire : H\u00e9l\u00e8ne Kergoat Vice-Secr\u00e9taire :&hellip;&nbsp;<a href=\"https:\/\/lefoyerdesabeilles.fr\/index.php\/lequipe\/\" rel=\"bookmark\"><span class=\"screen-reader-text\">L&#8217;\u00e9quipe<\/span><\/a><\/p>\n","protected":false},"author":1,"featured_media":0,"parent":0,"menu_order":0,"comment_status":"closed","ping_status":"closed","template":"","meta":{"neve_meta_sidebar":"","neve_meta_container":"","neve_meta_enable_content_width":"","neve_meta_content_width":0,"neve_meta_title_alignment":"","neve_meta_author_avatar":"","neve_post_elements_order":"","neve_meta_disable_header":"","neve_meta_disable_footer":"","neve_meta_disable_title":"","footnotes":""},"class_list":["post-29","page","type-page","status-publish","hentry"],"_links":{"self":[{"href":"https:\/\/lefoyerdesabeilles.fr\/index.php\/wp-json\/wp\/v2\/pages\/29","targetHints":{"allow":["GET"]}}],"collection":[{"href":"https:\/\/lefoyerdesabeilles.fr\/index.php\/wp-json\/wp\/v2\/pages"}],"about":[{"href":"https:\/\/lefoyerdesabeilles.fr\/index.php\/wp-json\/wp\/v2\/types\/page"}],"author":[{"embeddable":true,"href":"https:\/\/lefoyerdesabeilles.fr\/index.php\/wp-json\/wp\/v2\/users\/1"}],"replies":[{"embeddable":true,"href":"https:\/\/lefoyerdesabeilles.fr\/index.php\/wp-json\/wp\/v2\/comments?post=29"}],"version-history":[{"count":12,"href":"https:\/\/lefoyerdesabeilles.fr\/index.php\/wp-json\/wp\/v2\/pages\/29\/revisions"}],"predecessor-version":[{"id":933,"href":"https:\/\/lefoyerdesabeilles.fr\/index.php\/wp-json\/wp\/v2\/pages\/29\/revisions\/933"}],"wp:attachment":[{"href":"https:\/\/lefoyerdesabeilles.fr\/index.php\/wp-json\/wp\/v2\/media?parent=29"}],"curies":[{"name":"wp","href":"https:\/\/api.w.org\/{rel}","templated":true}]}}