{"id":30,"date":"2025-08-01T11:44:42","date_gmt":"2025-08-01T11:44:42","guid":{"rendered":"http:\/\/lefoyerdesabeilles.fr\/?page_id=30"},"modified":"2025-08-29T20:31:20","modified_gmt":"2025-08-29T20:31:20","slug":"nos-partenaires","status":"publish","type":"page","link":"https:\/\/lefoyerdesabeilles.fr\/index.php\/nos-partenaires\/","title":{"rendered":"Nos partenaires"},"content":{"rendered":"\n<p>Accompagner les familles, c\u2019est aussi tisser des liens avec les acteurs locaux.<br>Ces partenariats sont pr\u00e9cieux : ils nous permettent de proposer des rencontres, ateliers et actions accessibles \u00e0 tous.<\/p>\n\n\n\n<p><\/p>\n\n\n<div class=\"wp-block-image\">\n<figure class=\"alignleft size-full is-resized\"><img loading=\"lazy\" decoding=\"async\" width=\"154\" height=\"214\" src=\"http:\/\/lefoyerdesabeilles.fr\/wp-content\/uploads\/2025\/08\/logomairie.png\" alt=\"\" class=\"wp-image-312\" style=\"width:59px;height:auto\"\/><\/figure>\n<\/div>\n\n\n<p class=\"has-text-align-center\"><strong>La Mairie de Ginasservis<\/strong><br>Soutien logistique et mise \u00e0 disposition de salles, dans un esprit de proximit\u00e9 et d\u2019accueil.<br><a href=\"https:\/\/ginasservis.fr\/\" data-type=\"link\" data-id=\"https:\/\/ginasservis.fr\/\">Visiter le site de la mairie<\/a><\/p>\n\n\n\n<hr class=\"wp-block-separator has-alpha-channel-opacity\"\/>\n\n\n<div class=\"wp-block-image\">\n<figure class=\"alignleft size-large is-resized\"><img loading=\"lazy\" decoding=\"async\" width=\"1024\" height=\"1004\" src=\"http:\/\/lefoyerdesabeilles.fr\/wp-content\/uploads\/2025\/08\/Caisse_d_allocations_familiales_france_logo.svg_-1024x1004.png\" alt=\"\" class=\"wp-image-315\" style=\"width:75px;height:auto\" srcset=\"https:\/\/lefoyerdesabeilles.fr\/wp-content\/uploads\/2025\/08\/Caisse_d_allocations_familiales_france_logo.svg_-1024x1004.png 1024w, https:\/\/lefoyerdesabeilles.fr\/wp-content\/uploads\/2025\/08\/Caisse_d_allocations_familiales_france_logo.svg_-300x294.png 300w, https:\/\/lefoyerdesabeilles.fr\/wp-content\/uploads\/2025\/08\/Caisse_d_allocations_familiales_france_logo.svg_-768x753.png 768w, https:\/\/lefoyerdesabeilles.fr\/wp-content\/uploads\/2025\/08\/Caisse_d_allocations_familiales_france_logo.svg_-306x300.png 306w, https:\/\/lefoyerdesabeilles.fr\/wp-content\/uploads\/2025\/08\/Caisse_d_allocations_familiales_france_logo.svg_.png 1035w\" sizes=\"auto, (max-width: 1024px) 100vw, 1024px\" \/><\/figure>\n<\/div>\n\n\n<p class=\"has-text-align-center\"><strong>La CAF du Var<\/strong><br>Accompagnement des familles \u00e0 travers leurs dispositifs, aides et actions de soutien \u00e0 la parentalit\u00e9.<br><a href=\"https:\/\/caf.fr\/\" data-type=\"link\" data-id=\"https:\/\/caf.fr\/\">Visiter le site de la CAF<\/a><\/p>\n\n\n\n<hr class=\"wp-block-separator has-alpha-channel-opacity\"\/>\n\n\n<div class=\"wp-block-image\">\n<figure class=\"alignleft size-full is-resized\"><img loading=\"lazy\" decoding=\"async\" width=\"167\" height=\"75\" src=\"https:\/\/lefoyerdesabeilles.fr\/wp-content\/uploads\/2025\/08\/logosmall_cc_provence_verdon.png\" alt=\"\" class=\"wp-image-479\" style=\"width:129px;height:auto\"\/><\/figure>\n<\/div>\n\n\n<p class=\"has-text-align-center\"><strong>Relai Petite Enfance (RPE) Le\u00ef Belugo &#8211; Communaut\u00e9 de commune Provence Verdon<\/strong><br>Avec Sophie Maleval, la coordinatrice, qui intervient en parall\u00e8le de nos s\u00e9ances d&#8217;\u00e9veil musical.<br><a href=\"https:\/\/www.provenceverdon.fr\/accompagner\/petite-enfance\/accueil-individuel\/joomlannuaire\/fiche\/69:lei-belugo\/19:accueil-individuel\" data-type=\"link\" data-id=\"https:\/\/www.provenceverdon.fr\/accompagner\/petite-enfance\/accueil-individuel\/joomlannuaire\/fiche\/69:lei-belugo\/19:accueil-individuel\">Visiter le site RPE Le\u00ef Belugo<\/a><\/p>\n\n\n\n<p><\/p>\n\n\n\n<p><\/p>\n","protected":false},"excerpt":{"rendered":"<p>Accompagner les familles, c\u2019est aussi tisser des liens avec les acteurs locaux.Ces partenariats sont pr\u00e9cieux : ils nous permettent de proposer des rencontres, ateliers et actions accessibles \u00e0 tous. La Mairie de GinasservisSoutien logistique et mise \u00e0 disposition de salles, dans un esprit de proximit\u00e9 et d\u2019accueil.Visiter le site de la mairie La CAF du&hellip;&nbsp;<a href=\"https:\/\/lefoyerdesabeilles.fr\/index.php\/nos-partenaires\/\" rel=\"bookmark\"><span class=\"screen-reader-text\">Nos partenaires<\/span><\/a><\/p>\n","protected":false},"author":1,"featured_media":0,"parent":0,"menu_order":0,"comment_status":"closed","ping_status":"closed","template":"","meta":{"neve_meta_sidebar":"","neve_meta_container":"","neve_meta_enable_content_width":"","neve_meta_content_width":0,"neve_meta_title_alignment":"","neve_meta_author_avatar":"","neve_post_elements_order":"","neve_meta_disable_header":"","neve_meta_disable_footer":"","neve_meta_disable_title":"","footnotes":""},"class_list":["post-30","page","type-page","status-publish","hentry"],"_links":{"self":[{"href":"https:\/\/lefoyerdesabeilles.fr\/index.php\/wp-json\/wp\/v2\/pages\/30","targetHints":{"allow":["GET"]}}],"collection":[{"href":"https:\/\/lefoyerdesabeilles.fr\/index.php\/wp-json\/wp\/v2\/pages"}],"about":[{"href":"https:\/\/lefoyerdesabeilles.fr\/index.php\/wp-json\/wp\/v2\/types\/page"}],"author":[{"embeddable":true,"href":"https:\/\/lefoyerdesabeilles.fr\/index.php\/wp-json\/wp\/v2\/users\/1"}],"replies":[{"embeddable":true,"href":"https:\/\/lefoyerdesabeilles.fr\/index.php\/wp-json\/wp\/v2\/comments?post=30"}],"version-history":[{"count":11,"href":"https:\/\/lefoyerdesabeilles.fr\/index.php\/wp-json\/wp\/v2\/pages\/30\/revisions"}],"predecessor-version":[{"id":632,"href":"https:\/\/lefoyerdesabeilles.fr\/index.php\/wp-json\/wp\/v2\/pages\/30\/revisions\/632"}],"wp:attachment":[{"href":"https:\/\/lefoyerdesabeilles.fr\/index.php\/wp-json\/wp\/v2\/media?parent=30"}],"curies":[{"name":"wp","href":"https:\/\/api.w.org\/{rel}","templated":true}]}}