{"id":31,"date":"2025-08-01T11:44:42","date_gmt":"2025-08-01T11:44:42","guid":{"rendered":"http:\/\/lefoyerdesabeilles.fr\/?page_id=31"},"modified":"2025-09-11T12:38:19","modified_gmt":"2025-09-11T12:38:19","slug":"ateliers-enfants","status":"publish","type":"page","link":"https:\/\/lefoyerdesabeilles.fr\/index.php\/ateliers-enfants\/","title":{"rendered":"Ateliers enfants"},"content":{"rendered":"\n<p><em>Grandir, s\u2019\u00e9veiller, s\u2019amuser<\/em><\/p>\n\n\n\n<p>Parce que chaque \u00e2ge a ses d\u00e9couvertes, le Foyer des Abeilles propose des ateliers adapt\u00e9s aux besoins et aux envies des enfants de 0 \u00e0 10 ans.<br>Pens\u00e9s pour \u00e9veiller les sens, stimuler l\u2019imagination et encourager l\u2019expression, ces rendez-vous allient cr\u00e9ativit\u00e9, jeu et apprentissage.<\/p>\n\n\n\n<p>Accompagn\u00e9s par des intervenants bienveillants, les enfants explorent \u00e0 leur rythme dans un cadre s\u00e9curisant et chaleureux.<\/p>\n\n\n\n<p>Nos propositions :<\/p>\n\n\n\n<ul class=\"wp-block-list\">\n<li><strong>Ateliers cr\u00e9atifs<\/strong><\/li>\n\n\n\n<li><strong>Ateliers cuisine<\/strong><\/li>\n\n\n\n<li><strong>Cours d\u2019anglais<\/strong> <\/li>\n\n\n\n<li><strong>Activit\u00e9s ludiques et \u00e9ducatives<\/strong> selon les \u00e2ges<\/li>\n\n\n\n<li><strong>\u00c9veil musical<\/strong><\/li>\n<\/ul>\n\n\n\n<p><sup>Activit\u00e9s r\u00e9serv\u00e9es aux adh\u00e9rents du foyer, 15 euros adh\u00e9sion annuelle pour une personne &#8211; 20 euros pour une famille &#8211; + 5 euros hors Gina.<\/sup><\/p>\n\n\n\n<p><\/p>\n","protected":false},"excerpt":{"rendered":"<p>Grandir, s\u2019\u00e9veiller, s\u2019amuser Parce que chaque \u00e2ge a ses d\u00e9couvertes, le Foyer des Abeilles propose des ateliers adapt\u00e9s aux besoins et aux envies des enfants de 0 \u00e0 10 ans.Pens\u00e9s pour \u00e9veiller les sens, stimuler l\u2019imagination et encourager l\u2019expression, ces rendez-vous allient cr\u00e9ativit\u00e9, jeu et apprentissage. Accompagn\u00e9s par des intervenants bienveillants, les enfants explorent \u00e0&hellip;&nbsp;<a href=\"https:\/\/lefoyerdesabeilles.fr\/index.php\/ateliers-enfants\/\" rel=\"bookmark\"><span class=\"screen-reader-text\">Ateliers enfants<\/span><\/a><\/p>\n","protected":false},"author":1,"featured_media":0,"parent":0,"menu_order":0,"comment_status":"closed","ping_status":"closed","template":"","meta":{"neve_meta_sidebar":"","neve_meta_container":"","neve_meta_enable_content_width":"","neve_meta_content_width":0,"neve_meta_title_alignment":"","neve_meta_author_avatar":"","neve_post_elements_order":"","neve_meta_disable_header":"","neve_meta_disable_footer":"","neve_meta_disable_title":"","footnotes":""},"class_list":["post-31","page","type-page","status-publish","hentry"],"_links":{"self":[{"href":"https:\/\/lefoyerdesabeilles.fr\/index.php\/wp-json\/wp\/v2\/pages\/31","targetHints":{"allow":["GET"]}}],"collection":[{"href":"https:\/\/lefoyerdesabeilles.fr\/index.php\/wp-json\/wp\/v2\/pages"}],"about":[{"href":"https:\/\/lefoyerdesabeilles.fr\/index.php\/wp-json\/wp\/v2\/types\/page"}],"author":[{"embeddable":true,"href":"https:\/\/lefoyerdesabeilles.fr\/index.php\/wp-json\/wp\/v2\/users\/1"}],"replies":[{"embeddable":true,"href":"https:\/\/lefoyerdesabeilles.fr\/index.php\/wp-json\/wp\/v2\/comments?post=31"}],"version-history":[{"count":9,"href":"https:\/\/lefoyerdesabeilles.fr\/index.php\/wp-json\/wp\/v2\/pages\/31\/revisions"}],"predecessor-version":[{"id":825,"href":"https:\/\/lefoyerdesabeilles.fr\/index.php\/wp-json\/wp\/v2\/pages\/31\/revisions\/825"}],"wp:attachment":[{"href":"https:\/\/lefoyerdesabeilles.fr\/index.php\/wp-json\/wp\/v2\/media?parent=31"}],"curies":[{"name":"wp","href":"https:\/\/api.w.org\/{rel}","templated":true}]}}