{"id":32,"date":"2025-08-01T11:44:42","date_gmt":"2025-08-01T11:44:42","guid":{"rendered":"http:\/\/lefoyerdesabeilles.fr\/?page_id=32"},"modified":"2025-11-07T20:00:45","modified_gmt":"2025-11-07T20:00:45","slug":"cercles-de-parole","status":"publish","type":"page","link":"https:\/\/lefoyerdesabeilles.fr\/index.php\/cercles-de-parole\/","title":{"rendered":"Cercles de parole"},"content":{"rendered":"\n<p>Au Foyer des Abeilles, nous croyons que partager nos exp\u00e9riences et nos \u00e9motions est essentiel pour cr\u00e9er du lien et se sentir soutenu\u00b7e. C\u2019est pourquoi nous proposons des <strong>cercles de parole<\/strong>, des temps d\u2019\u00e9coute et d\u2019\u00e9change sp\u00e9cialement sur des th\u00e9matiques li\u00e9es \u00e0 la maternit\u00e9 et parentalit\u00e9<\/p>\n\n\n\n<p>Anim\u00e9s par, <strong>Candice Ribois-Verlinde, Doula &#8211; Accompagnante p\u00e9rinatale certifi\u00e9e<\/strong>, ces cercles offrent un espace <strong>bienveillant, sans jugement et respectueux de chacun\u00b7e<\/strong>, o\u00f9 l&#8217;on peut s\u2019exprimer librement et se sentir entendu\u00b7e<\/p>\n\n\n<div class=\"wp-block-image\">\n<figure class=\"alignleft size-large is-resized\"><img loading=\"lazy\" decoding=\"async\" width=\"724\" height=\"1024\" src=\"http:\/\/lefoyerdesabeilles.fr\/wp-content\/uploads\/2025\/09\/Affiche-Annonce-Inscriptions-Rentree-Periscolaire-Simple-Moderne-Vert-Jaune-Orange.png-724x1024.png\" alt=\"\" class=\"wp-image-708\" style=\"width:404px;height:auto\" srcset=\"https:\/\/lefoyerdesabeilles.fr\/wp-content\/uploads\/2025\/09\/Affiche-Annonce-Inscriptions-Rentree-Periscolaire-Simple-Moderne-Vert-Jaune-Orange.png-724x1024.png 724w, https:\/\/lefoyerdesabeilles.fr\/wp-content\/uploads\/2025\/09\/Affiche-Annonce-Inscriptions-Rentree-Periscolaire-Simple-Moderne-Vert-Jaune-Orange.png-212x300.png 212w, https:\/\/lefoyerdesabeilles.fr\/wp-content\/uploads\/2025\/09\/Affiche-Annonce-Inscriptions-Rentree-Periscolaire-Simple-Moderne-Vert-Jaune-Orange.png-768x1086.png 768w, https:\/\/lefoyerdesabeilles.fr\/wp-content\/uploads\/2025\/09\/Affiche-Annonce-Inscriptions-Rentree-Periscolaire-Simple-Moderne-Vert-Jaune-Orange.png-1086x1536.png 1086w, https:\/\/lefoyerdesabeilles.fr\/wp-content\/uploads\/2025\/09\/Affiche-Annonce-Inscriptions-Rentree-Periscolaire-Simple-Moderne-Vert-Jaune-Orange.png.png 1414w\" sizes=\"auto, (max-width: 724px) 100vw, 724px\" \/><\/figure>\n<\/div>\n\n\n<p><strong>Pourquoi participer \u00e0 un cercle de parole ?<\/strong><br>\u2981 <strong><em>Soutien \u00e9motionnel<\/em><\/strong> : partager ses exp\u00e9riences et \u00e9couter celles des autres peut aider \u00e0 mieux comprendre et accepter nos ressentis, \u00e9motions, diminuer l&#8217;anxi\u00e9t\u00e9<br>\u2981 <strong><em>Apprentissage et \u00e9change<\/em><\/strong> : les discussions permettent de d\u00e9couvrir de nouvelles perspectives et d&#8217;apprendre aupr\u00e8s d&#8217;autres parents<br>\u2981 <strong><em>Espace de non-jugement<\/em><\/strong> : chacun est libre de s&#8217;exprimer ouvertement sans crainte de jugement ou conseil non-sollicit\u00e9<\/p>\n\n\n\n<p><strong>Voici quelques valeurs et principes de mes cercles de parole :<\/strong><br>\u2981 Non jugement<br>\u2981 Bienveillance<br>\u2981 \u00c9coute<br>\u2981 Solidarit\u00e9<br>\u2981 Confidentialit\u00e9<br>\u2981 Libert\u00e9 de parole et de silence<\/p>\n\n\n\n<p>Les <strong>places sont limit\u00e9es<\/strong> afin de garantir un cadre intime et s\u00e9curis\u00e9 pour toutes les participantes. <strong>Inscription obligatoire<\/strong>. Ces cercles sont <strong>gratuits <\/strong>pour les adh\u00e9rents du foyer (adh\u00e9sion annuelle : 15 euros).<\/p>\n\n\n\n<div class=\"wp-block-group\"><div class=\"wp-block-group__inner-container is-layout-flow wp-block-group-is-layout-flow\">\n<div class=\"wp-block-columns is-layout-flex wp-container-core-columns-is-layout-9d6595d7 wp-block-columns-is-layout-flex\">\n<div class=\"wp-block-column is-layout-flow wp-block-column-is-layout-flow\" style=\"flex-basis:66.66%\">\n<h2 class=\"wp-block-heading\">Parcours de cercle de parole : <\/h2>\n<\/div>\n<\/div>\n\n\n\n<figure class=\"wp-block-gallery has-nested-images columns-4 is-cropped wp-block-gallery-1 is-layout-flex wp-block-gallery-is-layout-flex\">\n<figure class=\"wp-block-image size-large\"><img loading=\"lazy\" decoding=\"async\" width=\"822\" height=\"1024\" data-id=\"883\" src=\"https:\/\/lefoyerdesabeilles.fr\/wp-content\/uploads\/2025\/11\/IMG_4798-1-822x1024.jpg\" alt=\"\" class=\"wp-image-883\" srcset=\"https:\/\/lefoyerdesabeilles.fr\/wp-content\/uploads\/2025\/11\/IMG_4798-1-822x1024.jpg 822w, https:\/\/lefoyerdesabeilles.fr\/wp-content\/uploads\/2025\/11\/IMG_4798-1-241x300.jpg 241w, https:\/\/lefoyerdesabeilles.fr\/wp-content\/uploads\/2025\/11\/IMG_4798-1-768x957.jpg 768w, https:\/\/lefoyerdesabeilles.fr\/wp-content\/uploads\/2025\/11\/IMG_4798-1-1232x1536.jpg 1232w, https:\/\/lefoyerdesabeilles.fr\/wp-content\/uploads\/2025\/11\/IMG_4798-1.jpg 1347w\" sizes=\"auto, (max-width: 822px) 100vw, 822px\" \/><\/figure>\n\n\n\n<figure class=\"wp-block-image size-large\"><img loading=\"lazy\" decoding=\"async\" width=\"819\" height=\"1024\" data-id=\"886\" src=\"https:\/\/lefoyerdesabeilles.fr\/wp-content\/uploads\/2025\/11\/PHOTO-2025-10-08-20-48-15-819x1024.jpg\" alt=\"\" class=\"wp-image-886\" srcset=\"https:\/\/lefoyerdesabeilles.fr\/wp-content\/uploads\/2025\/11\/PHOTO-2025-10-08-20-48-15-819x1024.jpg 819w, https:\/\/lefoyerdesabeilles.fr\/wp-content\/uploads\/2025\/11\/PHOTO-2025-10-08-20-48-15-240x300.jpg 240w, https:\/\/lefoyerdesabeilles.fr\/wp-content\/uploads\/2025\/11\/PHOTO-2025-10-08-20-48-15-768x960.jpg 768w, https:\/\/lefoyerdesabeilles.fr\/wp-content\/uploads\/2025\/11\/PHOTO-2025-10-08-20-48-15.jpg 1080w\" sizes=\"auto, (max-width: 819px) 100vw, 819px\" \/><\/figure>\n\n\n\n<figure class=\"wp-block-image size-large\"><img loading=\"lazy\" decoding=\"async\" width=\"819\" height=\"1024\" data-id=\"884\" src=\"https:\/\/lefoyerdesabeilles.fr\/wp-content\/uploads\/2025\/11\/Cercles-de-paroles-21.11.2025-Insta-1-819x1024.png\" alt=\"\" class=\"wp-image-884\" srcset=\"https:\/\/lefoyerdesabeilles.fr\/wp-content\/uploads\/2025\/11\/Cercles-de-paroles-21.11.2025-Insta-1-819x1024.png 819w, https:\/\/lefoyerdesabeilles.fr\/wp-content\/uploads\/2025\/11\/Cercles-de-paroles-21.11.2025-Insta-1-240x300.png 240w, https:\/\/lefoyerdesabeilles.fr\/wp-content\/uploads\/2025\/11\/Cercles-de-paroles-21.11.2025-Insta-1-768x960.png 768w, https:\/\/lefoyerdesabeilles.fr\/wp-content\/uploads\/2025\/11\/Cercles-de-paroles-21.11.2025-Insta-1.png 1080w\" sizes=\"auto, (max-width: 819px) 100vw, 819px\" \/><\/figure>\n\n\n\n<figure class=\"wp-block-image size-large\"><img loading=\"lazy\" decoding=\"async\" width=\"819\" height=\"1024\" data-id=\"885\" src=\"https:\/\/lefoyerdesabeilles.fr\/wp-content\/uploads\/2025\/11\/Cercles-de-paroles-12.12.2025-Insta-1-819x1024.png\" alt=\"\" class=\"wp-image-885\" srcset=\"https:\/\/lefoyerdesabeilles.fr\/wp-content\/uploads\/2025\/11\/Cercles-de-paroles-12.12.2025-Insta-1-819x1024.png 819w, https:\/\/lefoyerdesabeilles.fr\/wp-content\/uploads\/2025\/11\/Cercles-de-paroles-12.12.2025-Insta-1-240x300.png 240w, https:\/\/lefoyerdesabeilles.fr\/wp-content\/uploads\/2025\/11\/Cercles-de-paroles-12.12.2025-Insta-1-768x960.png 768w, https:\/\/lefoyerdesabeilles.fr\/wp-content\/uploads\/2025\/11\/Cercles-de-paroles-12.12.2025-Insta-1.png 1080w\" sizes=\"auto, (max-width: 819px) 100vw, 819px\" \/><\/figure>\n<\/figure>\n<\/div><\/div>\n\n\n\n<p><strong><em>Nous nous retrouvons en janvier pour de nouvelles th\u00e9matiques li\u00e9es \u00e0 la maternit\u00e9 !<\/em><\/strong><br><em>Dates \u00e0 venir prochainement&#8230;<\/em><\/p>\n\n\n\n<p><\/p>\n","protected":false},"excerpt":{"rendered":"<p>Au Foyer des Abeilles, nous croyons que partager nos exp\u00e9riences et nos \u00e9motions est essentiel pour cr\u00e9er du lien et se sentir soutenu\u00b7e. C\u2019est pourquoi nous proposons des cercles de parole, des temps d\u2019\u00e9coute et d\u2019\u00e9change sp\u00e9cialement sur des th\u00e9matiques li\u00e9es \u00e0 la maternit\u00e9 et parentalit\u00e9 Anim\u00e9s par, Candice Ribois-Verlinde, Doula &#8211; Accompagnante p\u00e9rinatale certifi\u00e9e,&hellip;&nbsp;<a href=\"https:\/\/lefoyerdesabeilles.fr\/index.php\/cercles-de-parole\/\" rel=\"bookmark\"><span class=\"screen-reader-text\">Cercles de parole<\/span><\/a><\/p>\n","protected":false},"author":1,"featured_media":0,"parent":0,"menu_order":0,"comment_status":"closed","ping_status":"closed","template":"","meta":{"neve_meta_sidebar":"","neve_meta_container":"","neve_meta_enable_content_width":"","neve_meta_content_width":0,"neve_meta_title_alignment":"","neve_meta_author_avatar":"","neve_post_elements_order":"","neve_meta_disable_header":"","neve_meta_disable_footer":"","neve_meta_disable_title":"","footnotes":""},"class_list":["post-32","page","type-page","status-publish","hentry"],"_links":{"self":[{"href":"https:\/\/lefoyerdesabeilles.fr\/index.php\/wp-json\/wp\/v2\/pages\/32","targetHints":{"allow":["GET"]}}],"collection":[{"href":"https:\/\/lefoyerdesabeilles.fr\/index.php\/wp-json\/wp\/v2\/pages"}],"about":[{"href":"https:\/\/lefoyerdesabeilles.fr\/index.php\/wp-json\/wp\/v2\/types\/page"}],"author":[{"embeddable":true,"href":"https:\/\/lefoyerdesabeilles.fr\/index.php\/wp-json\/wp\/v2\/users\/1"}],"replies":[{"embeddable":true,"href":"https:\/\/lefoyerdesabeilles.fr\/index.php\/wp-json\/wp\/v2\/comments?post=32"}],"version-history":[{"count":26,"href":"https:\/\/lefoyerdesabeilles.fr\/index.php\/wp-json\/wp\/v2\/pages\/32\/revisions"}],"predecessor-version":[{"id":887,"href":"https:\/\/lefoyerdesabeilles.fr\/index.php\/wp-json\/wp\/v2\/pages\/32\/revisions\/887"}],"wp:attachment":[{"href":"https:\/\/lefoyerdesabeilles.fr\/index.php\/wp-json\/wp\/v2\/media?parent=32"}],"curies":[{"name":"wp","href":"https:\/\/api.w.org\/{rel}","templated":true}]}}