{"id":324,"date":"2025-08-15T09:23:24","date_gmt":"2025-08-15T09:23:24","guid":{"rendered":"http:\/\/lefoyerdesabeilles.fr\/?page_id=324"},"modified":"2025-09-08T13:45:47","modified_gmt":"2025-09-08T13:45:47","slug":"eveil-psychomoteur","status":"publish","type":"page","link":"https:\/\/lefoyerdesabeilles.fr\/index.php\/eveil-psychomoteur\/","title":{"rendered":"\u00c9veil psychomoteur"},"content":{"rendered":"\n<p>Reconduit pour une seconde ann\u00e9e, l\u2019\u00e9veil psychomoteur aide les enfants \u00e0 explorer leurs capacit\u00e9s motrices \u00e0 travers des parcours, des jeux et des activit\u00e9s sensorielles. Un moment privil\u00e9gi\u00e9 pour d\u00e9velopper coordination, \u00e9quilibre et confiance en soi, tout en s\u2019amusant.<\/p>\n\n\n\n<p><strong>Intervenante :<\/strong> Claudine Dubois<br><strong>Jour &amp; horaire :<\/strong> Tous les jeudis &#8211; 17h \u00e0 17h45<br><strong>\u00c2ge :<\/strong> entre 2 ans et demis et 5 ans<br><strong>Tarif :<\/strong> 80 euros \u00e0 l&#8217;ann\u00e9e<\/p>\n\n\n\n<div class=\"wp-block-file\"><a id=\"wp-block-file--media-ceeaa72f-1689-49e4-98ff-97d031e6bd58\" href=\"https:\/\/lefoyerdesabeilles.fr\/wp-content\/uploads\/2025\/08\/Atelier-enfants-Ginasservis.pdf\" target=\"_blank\" rel=\"noreferrer noopener\">Flyer \u00e9veil psychomoteur<\/a><\/div>\n\n\n\n<p><\/p>\n","protected":false},"excerpt":{"rendered":"<p>Reconduit pour une seconde ann\u00e9e, l\u2019\u00e9veil psychomoteur aide les enfants \u00e0 explorer leurs capacit\u00e9s motrices \u00e0 travers des parcours, des jeux et des activit\u00e9s sensorielles. Un moment privil\u00e9gi\u00e9 pour d\u00e9velopper coordination, \u00e9quilibre et confiance en soi, tout en s\u2019amusant. Intervenante : Claudine DuboisJour &amp; horaire : Tous les jeudis &#8211; 17h \u00e0 17h45\u00c2ge : entre&hellip;&nbsp;<a href=\"https:\/\/lefoyerdesabeilles.fr\/index.php\/eveil-psychomoteur\/\" rel=\"bookmark\"><span class=\"screen-reader-text\">\u00c9veil psychomoteur<\/span><\/a><\/p>\n","protected":false},"author":1,"featured_media":0,"parent":0,"menu_order":0,"comment_status":"closed","ping_status":"closed","template":"","meta":{"neve_meta_sidebar":"","neve_meta_container":"","neve_meta_enable_content_width":"","neve_meta_content_width":0,"neve_meta_title_alignment":"","neve_meta_author_avatar":"","neve_post_elements_order":"","neve_meta_disable_header":"","neve_meta_disable_footer":"","neve_meta_disable_title":"","footnotes":""},"class_list":["post-324","page","type-page","status-publish","hentry"],"_links":{"self":[{"href":"https:\/\/lefoyerdesabeilles.fr\/index.php\/wp-json\/wp\/v2\/pages\/324","targetHints":{"allow":["GET"]}}],"collection":[{"href":"https:\/\/lefoyerdesabeilles.fr\/index.php\/wp-json\/wp\/v2\/pages"}],"about":[{"href":"https:\/\/lefoyerdesabeilles.fr\/index.php\/wp-json\/wp\/v2\/types\/page"}],"author":[{"embeddable":true,"href":"https:\/\/lefoyerdesabeilles.fr\/index.php\/wp-json\/wp\/v2\/users\/1"}],"replies":[{"embeddable":true,"href":"https:\/\/lefoyerdesabeilles.fr\/index.php\/wp-json\/wp\/v2\/comments?post=324"}],"version-history":[{"count":9,"href":"https:\/\/lefoyerdesabeilles.fr\/index.php\/wp-json\/wp\/v2\/pages\/324\/revisions"}],"predecessor-version":[{"id":765,"href":"https:\/\/lefoyerdesabeilles.fr\/index.php\/wp-json\/wp\/v2\/pages\/324\/revisions\/765"}],"wp:attachment":[{"href":"https:\/\/lefoyerdesabeilles.fr\/index.php\/wp-json\/wp\/v2\/media?parent=324"}],"curies":[{"name":"wp","href":"https:\/\/api.w.org\/{rel}","templated":true}]}}