{"id":326,"date":"2025-08-15T09:23:24","date_gmt":"2025-08-15T09:23:24","guid":{"rendered":"http:\/\/lefoyerdesabeilles.fr\/?page_id=326"},"modified":"2025-09-08T13:44:19","modified_gmt":"2025-09-08T13:44:19","slug":"eveil-musical-0-3-ans","status":"publish","type":"page","link":"https:\/\/lefoyerdesabeilles.fr\/index.php\/eveil-musical-0-3-ans\/","title":{"rendered":"\u00c9veil musical 0-3 ans"},"content":{"rendered":"\n<p>Une d\u00e9couverte tout en douceur du monde des sons et des rythmes. Les tout-petits exp\u00e9rimentent les instruments, \u00e9coutent, bougent et partagent un moment complice avec leur parent ou assistante maternelle. L\u2019\u00e9veil musical stimule l\u2019\u00e9coute, la curiosit\u00e9 et l\u2019expression.<\/p>\n\n\n\n<p><strong>Intervenante :<\/strong> Jenna Bersez<br><strong>Jour &amp; horaire :<\/strong> 1 vendredi par mois <br><strong>Dur\u00e9e :<\/strong> 45 minutes<br><strong>\u00c2ge :<\/strong> 0-3 ans<br><strong>Tarif :<\/strong> gratuit pour les adh\u00e9rents<\/p>\n\n\n\n<figure class=\"wp-block-image size-large is-resized\"><img loading=\"lazy\" decoding=\"async\" width=\"1024\" height=\"538\" src=\"http:\/\/lefoyerdesabeilles.fr\/wp-content\/uploads\/2025\/08\/03-ans-visuel-Jenna-Bersez-Odeon-Facebook--1024x538.jpg\" alt=\"\" class=\"wp-image-451\" style=\"width:759px;height:auto\" srcset=\"https:\/\/lefoyerdesabeilles.fr\/wp-content\/uploads\/2025\/08\/03-ans-visuel-Jenna-Bersez-Odeon-Facebook--1024x538.jpg 1024w, https:\/\/lefoyerdesabeilles.fr\/wp-content\/uploads\/2025\/08\/03-ans-visuel-Jenna-Bersez-Odeon-Facebook--300x158.jpg 300w, https:\/\/lefoyerdesabeilles.fr\/wp-content\/uploads\/2025\/08\/03-ans-visuel-Jenna-Bersez-Odeon-Facebook--768x403.jpg 768w, https:\/\/lefoyerdesabeilles.fr\/wp-content\/uploads\/2025\/08\/03-ans-visuel-Jenna-Bersez-Odeon-Facebook-.jpg 1200w\" sizes=\"auto, (max-width: 1024px) 100vw, 1024px\" \/><\/figure>\n\n\n\n<div style=\"height:73px\" aria-hidden=\"true\" class=\"wp-block-spacer\"><\/div>\n\n\n\n<p>En partenariat avec <strong>Sophie Maleval, coordinatrice du Relais Le\u00ef Belugo<\/strong>, en parall\u00e8le des sessions d&#8217;\u00e9veil musical, des <strong>parcours de motricit\u00e9<\/strong> sont propos\u00e9s aux parents et assistantes maternelles avant ou apr\u00e8s l\u2019\u00e9veil. L&#8217;occasion de discuter et laisser vos enfants s&#8217;amuser et profiter des parcours install\u00e9s !<\/p>\n\n\n<div class=\"wp-block-image\">\n<figure class=\"aligncenter size-large is-resized\"><img loading=\"lazy\" decoding=\"async\" width=\"1024\" height=\"768\" src=\"https:\/\/lefoyerdesabeilles.fr\/wp-content\/uploads\/2025\/08\/E5498772-795D-4B00-A4D7-DB5DDF8F70C6-1024x768.jpeg\" alt=\"\" class=\"wp-image-666\" style=\"width:560px;height:auto\" srcset=\"https:\/\/lefoyerdesabeilles.fr\/wp-content\/uploads\/2025\/08\/E5498772-795D-4B00-A4D7-DB5DDF8F70C6-1024x768.jpeg 1024w, https:\/\/lefoyerdesabeilles.fr\/wp-content\/uploads\/2025\/08\/E5498772-795D-4B00-A4D7-DB5DDF8F70C6-300x225.jpeg 300w, https:\/\/lefoyerdesabeilles.fr\/wp-content\/uploads\/2025\/08\/E5498772-795D-4B00-A4D7-DB5DDF8F70C6-768x576.jpeg 768w, https:\/\/lefoyerdesabeilles.fr\/wp-content\/uploads\/2025\/08\/E5498772-795D-4B00-A4D7-DB5DDF8F70C6-1536x1152.jpeg 1536w, https:\/\/lefoyerdesabeilles.fr\/wp-content\/uploads\/2025\/08\/E5498772-795D-4B00-A4D7-DB5DDF8F70C6.jpeg 2048w\" sizes=\"auto, (max-width: 1024px) 100vw, 1024px\" \/><\/figure>\n<\/div>\n\n\n<p><\/p>\n\n\n\n<p><\/p>\n","protected":false},"excerpt":{"rendered":"<p>Une d\u00e9couverte tout en douceur du monde des sons et des rythmes. Les tout-petits exp\u00e9rimentent les instruments, \u00e9coutent, bougent et partagent un moment complice avec leur parent ou assistante maternelle. L\u2019\u00e9veil musical stimule l\u2019\u00e9coute, la curiosit\u00e9 et l\u2019expression. Intervenante : Jenna BersezJour &amp; horaire : 1 vendredi par mois Dur\u00e9e : 45 minutes\u00c2ge : 0-3&hellip;&nbsp;<a href=\"https:\/\/lefoyerdesabeilles.fr\/index.php\/eveil-musical-0-3-ans\/\" rel=\"bookmark\"><span class=\"screen-reader-text\">\u00c9veil musical 0-3 ans<\/span><\/a><\/p>\n","protected":false},"author":1,"featured_media":0,"parent":0,"menu_order":0,"comment_status":"closed","ping_status":"closed","template":"","meta":{"neve_meta_sidebar":"","neve_meta_container":"","neve_meta_enable_content_width":"","neve_meta_content_width":0,"neve_meta_title_alignment":"","neve_meta_author_avatar":"","neve_post_elements_order":"","neve_meta_disable_header":"","neve_meta_disable_footer":"","neve_meta_disable_title":"","footnotes":""},"class_list":["post-326","page","type-page","status-publish","hentry"],"_links":{"self":[{"href":"https:\/\/lefoyerdesabeilles.fr\/index.php\/wp-json\/wp\/v2\/pages\/326","targetHints":{"allow":["GET"]}}],"collection":[{"href":"https:\/\/lefoyerdesabeilles.fr\/index.php\/wp-json\/wp\/v2\/pages"}],"about":[{"href":"https:\/\/lefoyerdesabeilles.fr\/index.php\/wp-json\/wp\/v2\/types\/page"}],"author":[{"embeddable":true,"href":"https:\/\/lefoyerdesabeilles.fr\/index.php\/wp-json\/wp\/v2\/users\/1"}],"replies":[{"embeddable":true,"href":"https:\/\/lefoyerdesabeilles.fr\/index.php\/wp-json\/wp\/v2\/comments?post=326"}],"version-history":[{"count":16,"href":"https:\/\/lefoyerdesabeilles.fr\/index.php\/wp-json\/wp\/v2\/pages\/326\/revisions"}],"predecessor-version":[{"id":761,"href":"https:\/\/lefoyerdesabeilles.fr\/index.php\/wp-json\/wp\/v2\/pages\/326\/revisions\/761"}],"wp:attachment":[{"href":"https:\/\/lefoyerdesabeilles.fr\/index.php\/wp-json\/wp\/v2\/media?parent=326"}],"curies":[{"name":"wp","href":"https:\/\/api.w.org\/{rel}","templated":true}]}}