{"id":339,"date":"2025-08-15T09:31:44","date_gmt":"2025-08-15T09:31:44","guid":{"rendered":"http:\/\/lefoyerdesabeilles.fr\/?page_id=339"},"modified":"2025-09-08T13:47:18","modified_gmt":"2025-09-08T13:47:18","slug":"ateliers-1-3-ans","status":"publish","type":"page","link":"https:\/\/lefoyerdesabeilles.fr\/index.php\/ateliers-1-3-ans\/","title":{"rendered":"Ateliers 1-3 ans"},"content":{"rendered":"\n<h2 class=\"wp-block-heading\"><strong>Ateliers cr\u00e9atifs 1-3 ans<\/strong><\/h2>\n\n\n\n<p>Des activit\u00e9s sensorielles et manuelles adapt\u00e9es aux plus petits : peinture, p\u00e2te \u00e0 modeler, collages, transvasements, bouteilles sensorielles\u2026 Chaque s\u00e9ance est une occasion de d\u00e9couvrir, de manipuler et de d\u00e9velopper l\u2019imagination, toujours dans un cadre ludique et bienveillant.<\/p>\n\n\n\n<figure class=\"wp-block-image size-large is-resized\"><img loading=\"lazy\" decoding=\"async\" width=\"1024\" height=\"683\" src=\"http:\/\/lefoyerdesabeilles.fr\/wp-content\/uploads\/2025\/08\/pexels-mccutcheon-1153895-1024x683.jpg\" alt=\"\" class=\"wp-image-78\" style=\"width:546px;height:auto\" srcset=\"https:\/\/lefoyerdesabeilles.fr\/wp-content\/uploads\/2025\/08\/pexels-mccutcheon-1153895-1024x683.jpg 1024w, https:\/\/lefoyerdesabeilles.fr\/wp-content\/uploads\/2025\/08\/pexels-mccutcheon-1153895-300x200.jpg 300w, https:\/\/lefoyerdesabeilles.fr\/wp-content\/uploads\/2025\/08\/pexels-mccutcheon-1153895-768x512.jpg 768w, https:\/\/lefoyerdesabeilles.fr\/wp-content\/uploads\/2025\/08\/pexels-mccutcheon-1153895-1536x1024.jpg 1536w, https:\/\/lefoyerdesabeilles.fr\/wp-content\/uploads\/2025\/08\/pexels-mccutcheon-1153895-2048x1365.jpg 2048w\" sizes=\"auto, (max-width: 1024px) 100vw, 1024px\" \/><\/figure>\n\n\n\n<p><\/p>\n\n\n\n<p><\/p>\n","protected":false},"excerpt":{"rendered":"<p>Ateliers cr\u00e9atifs 1-3 ans Des activit\u00e9s sensorielles et manuelles adapt\u00e9es aux plus petits : peinture, p\u00e2te \u00e0 modeler, collages, transvasements, bouteilles sensorielles\u2026 Chaque s\u00e9ance est une occasion de d\u00e9couvrir, de manipuler et de d\u00e9velopper l\u2019imagination, toujours dans un cadre ludique et bienveillant.<\/p>\n","protected":false},"author":1,"featured_media":0,"parent":0,"menu_order":0,"comment_status":"closed","ping_status":"closed","template":"","meta":{"neve_meta_sidebar":"","neve_meta_container":"","neve_meta_enable_content_width":"","neve_meta_content_width":0,"neve_meta_title_alignment":"","neve_meta_author_avatar":"","neve_post_elements_order":"","neve_meta_disable_header":"","neve_meta_disable_footer":"","neve_meta_disable_title":"","footnotes":""},"class_list":["post-339","page","type-page","status-publish","hentry"],"_links":{"self":[{"href":"https:\/\/lefoyerdesabeilles.fr\/index.php\/wp-json\/wp\/v2\/pages\/339","targetHints":{"allow":["GET"]}}],"collection":[{"href":"https:\/\/lefoyerdesabeilles.fr\/index.php\/wp-json\/wp\/v2\/pages"}],"about":[{"href":"https:\/\/lefoyerdesabeilles.fr\/index.php\/wp-json\/wp\/v2\/types\/page"}],"author":[{"embeddable":true,"href":"https:\/\/lefoyerdesabeilles.fr\/index.php\/wp-json\/wp\/v2\/users\/1"}],"replies":[{"embeddable":true,"href":"https:\/\/lefoyerdesabeilles.fr\/index.php\/wp-json\/wp\/v2\/comments?post=339"}],"version-history":[{"count":5,"href":"https:\/\/lefoyerdesabeilles.fr\/index.php\/wp-json\/wp\/v2\/pages\/339\/revisions"}],"predecessor-version":[{"id":767,"href":"https:\/\/lefoyerdesabeilles.fr\/index.php\/wp-json\/wp\/v2\/pages\/339\/revisions\/767"}],"wp:attachment":[{"href":"https:\/\/lefoyerdesabeilles.fr\/index.php\/wp-json\/wp\/v2\/media?parent=339"}],"curies":[{"name":"wp","href":"https:\/\/api.w.org\/{rel}","templated":true}]}}