{"id":432,"date":"2025-08-20T12:03:24","date_gmt":"2025-08-20T12:03:24","guid":{"rendered":"http:\/\/lefoyerdesabeilles.fr\/?page_id=432"},"modified":"2025-09-08T13:45:03","modified_gmt":"2025-09-08T13:45:03","slug":"yoga","status":"publish","type":"page","link":"https:\/\/lefoyerdesabeilles.fr\/index.php\/yoga\/","title":{"rendered":"Yoga\/Yoga sur chaise"},"content":{"rendered":"\n<h5 class=\"wp-block-heading\"><strong>Yoga sur chaise<\/strong> <em>(nouveaut\u00e9)<\/em><\/h5>\n\n\n\n<p>Une approche douce du yoga, id\u00e9ale pour les personnes souhaitant pratiquer autrement. Les postures se font assis ou avec appui sur une chaise, pour travailler la respiration, la souplesse et la d\u00e9tente en toute s\u00e9curit\u00e9. Une fa\u00e7on efficace de contrer les effets du travail s\u00e9dentaire, comme les tensions dorsales, la fatigue mentale ou le stress.<\/p>\n\n\n\n<h5 class=\"wp-block-heading\"><strong>Yoga<\/strong><\/h5>\n\n\n\n<p>Une pratique alliant postures, respiration et relaxation, pour d\u00e9velopper souplesse, \u00e9quilibre et bien-\u00eatre. Accessible \u00e0 tous, le yoga permet d\u2019harmoniser le corps et l\u2019esprit dans un moment de calme et de recentrage.<\/p>\n\n\n\n<p><strong>Intervenante :<\/strong> Lydia Gamba<br><strong>Jour &amp; horaire :<\/strong> pour le yoga, le lundi de 17h30 \u00e0 19h et le jeudi de 10h \u00e0 11h30. Pour le yoga sur chaise, le jeudi de 9h \u00e0 10h<br><strong>Tarif :<\/strong> 150 euros l&#8217;ann\u00e9e le yoga \/ 130 euros l&#8217;ann\u00e9e le yoga sur chaise<\/p>\n\n\n\n<figure class=\"wp-block-image size-full is-resized\"><img loading=\"lazy\" decoding=\"async\" width=\"559\" height=\"794\" src=\"http:\/\/lefoyerdesabeilles.fr\/wp-content\/uploads\/2025\/09\/Flyer-Yoga-2025-2026.png\" alt=\"\" class=\"wp-image-703\" style=\"width:363px;height:auto\" srcset=\"https:\/\/lefoyerdesabeilles.fr\/wp-content\/uploads\/2025\/09\/Flyer-Yoga-2025-2026.png 559w, https:\/\/lefoyerdesabeilles.fr\/wp-content\/uploads\/2025\/09\/Flyer-Yoga-2025-2026-211x300.png 211w\" sizes=\"auto, (max-width: 559px) 100vw, 559px\" \/><\/figure>\n\n\n\n<p><\/p>\n","protected":false},"excerpt":{"rendered":"<p>Yoga sur chaise (nouveaut\u00e9) Une approche douce du yoga, id\u00e9ale pour les personnes souhaitant pratiquer autrement. Les postures se font assis ou avec appui sur une chaise, pour travailler la respiration, la souplesse et la d\u00e9tente en toute s\u00e9curit\u00e9. Une fa\u00e7on efficace de contrer les effets du travail s\u00e9dentaire, comme les tensions dorsales, la fatigue&hellip;&nbsp;<a href=\"https:\/\/lefoyerdesabeilles.fr\/index.php\/yoga\/\" rel=\"bookmark\"><span class=\"screen-reader-text\">Yoga\/Yoga sur chaise<\/span><\/a><\/p>\n","protected":false},"author":1,"featured_media":0,"parent":0,"menu_order":0,"comment_status":"closed","ping_status":"closed","template":"","meta":{"neve_meta_sidebar":"","neve_meta_container":"","neve_meta_enable_content_width":"","neve_meta_content_width":0,"neve_meta_title_alignment":"","neve_meta_author_avatar":"","neve_post_elements_order":"","neve_meta_disable_header":"","neve_meta_disable_footer":"","neve_meta_disable_title":"","footnotes":""},"class_list":["post-432","page","type-page","status-publish","hentry"],"_links":{"self":[{"href":"https:\/\/lefoyerdesabeilles.fr\/index.php\/wp-json\/wp\/v2\/pages\/432","targetHints":{"allow":["GET"]}}],"collection":[{"href":"https:\/\/lefoyerdesabeilles.fr\/index.php\/wp-json\/wp\/v2\/pages"}],"about":[{"href":"https:\/\/lefoyerdesabeilles.fr\/index.php\/wp-json\/wp\/v2\/types\/page"}],"author":[{"embeddable":true,"href":"https:\/\/lefoyerdesabeilles.fr\/index.php\/wp-json\/wp\/v2\/users\/1"}],"replies":[{"embeddable":true,"href":"https:\/\/lefoyerdesabeilles.fr\/index.php\/wp-json\/wp\/v2\/comments?post=432"}],"version-history":[{"count":9,"href":"https:\/\/lefoyerdesabeilles.fr\/index.php\/wp-json\/wp\/v2\/pages\/432\/revisions"}],"predecessor-version":[{"id":763,"href":"https:\/\/lefoyerdesabeilles.fr\/index.php\/wp-json\/wp\/v2\/pages\/432\/revisions\/763"}],"wp:attachment":[{"href":"https:\/\/lefoyerdesabeilles.fr\/index.php\/wp-json\/wp\/v2\/media?parent=432"}],"curies":[{"name":"wp","href":"https:\/\/api.w.org\/{rel}","templated":true}]}}