{"id":908,"date":"2026-01-23T08:09:29","date_gmt":"2026-01-23T08:09:29","guid":{"rendered":"https:\/\/lefoyerdesabeilles.fr\/?page_id=908"},"modified":"2026-01-23T08:12:41","modified_gmt":"2026-01-23T08:12:41","slug":"ateliers-4-10-ans","status":"publish","type":"page","link":"https:\/\/lefoyerdesabeilles.fr\/index.php\/ateliers-4-10-ans\/","title":{"rendered":"Ateliers 4-10 ans"},"content":{"rendered":"\n<h2 class=\"wp-block-heading\"><strong>Ateliers cr\u00e9atifs 4-10 ans<\/strong><\/h2>\n\n\n\n<p>Des projets simples et amusants pour \u00e9veiller la cr\u00e9ativit\u00e9 : peinture, cuisine, confection d\u2019objet, r\u00e9alisation de semainier, roue des \u00e9motions\u2026 Les enfants d\u00e9veloppent leur motricit\u00e9 fine, leur sens artistique et le plaisir de cr\u00e9er avec leurs mains.<\/p>\n\n\n\n<figure class=\"wp-block-image\"><img loading=\"lazy\" decoding=\"async\" width=\"768\" height=\"1024\" src=\"https:\/\/lefoyerdesabeilles.fr\/wp-content\/uploads\/2025\/08\/387557c1-6cca-4a81-92e0-09da705fc8ed-768x1024.jpg\" alt=\"\" class=\"wp-image-489\" srcset=\"https:\/\/lefoyerdesabeilles.fr\/wp-content\/uploads\/2025\/08\/387557c1-6cca-4a81-92e0-09da705fc8ed-768x1024.jpg 768w, https:\/\/lefoyerdesabeilles.fr\/wp-content\/uploads\/2025\/08\/387557c1-6cca-4a81-92e0-09da705fc8ed-225x300.jpg 225w, https:\/\/lefoyerdesabeilles.fr\/wp-content\/uploads\/2025\/08\/387557c1-6cca-4a81-92e0-09da705fc8ed-1152x1536.jpg 1152w, https:\/\/lefoyerdesabeilles.fr\/wp-content\/uploads\/2025\/08\/387557c1-6cca-4a81-92e0-09da705fc8ed.jpg 1536w\" sizes=\"auto, (max-width: 768px) 100vw, 768px\" \/><\/figure>\n\n\n\n<p>Pour les petits artistes en herbe, des r\u00e9alisations plus \u00e9labor\u00e9es : peinture, cuisine, diamonds painting \u2026 Ces ateliers favorisent l\u2019autonomie, la concentration et l\u2019expression personnelle, tout en offrant un espace d\u2019exp\u00e9rimentation et d\u2019\u00e9change.<\/p>\n\n\n\n<p>\u00c9galement, des soir\u00e9es pyjamas au local du foyer ! On cuisine puis on mange ensemble devant un dessin anim\u00e9 ou film adapt\u00e9 \u00e0 l\u2019\u00e2ge, en jouant\u2026<\/p>\n\n\n\n<figure class=\"wp-block-image size-large\"><img loading=\"lazy\" decoding=\"async\" width=\"1024\" height=\"683\" src=\"https:\/\/lefoyerdesabeilles.fr\/wp-content\/uploads\/2026\/01\/image-1024x683.png\" alt=\"\" class=\"wp-image-914\" srcset=\"https:\/\/lefoyerdesabeilles.fr\/wp-content\/uploads\/2026\/01\/image-1024x683.png 1024w, https:\/\/lefoyerdesabeilles.fr\/wp-content\/uploads\/2026\/01\/image-300x200.png 300w, https:\/\/lefoyerdesabeilles.fr\/wp-content\/uploads\/2026\/01\/image-768x512.png 768w, https:\/\/lefoyerdesabeilles.fr\/wp-content\/uploads\/2026\/01\/image-930x620.png 930w, https:\/\/lefoyerdesabeilles.fr\/wp-content\/uploads\/2026\/01\/image.png 1536w\" sizes=\"auto, (max-width: 1024px) 100vw, 1024px\" \/><\/figure>\n","protected":false},"excerpt":{"rendered":"<p>Ateliers cr\u00e9atifs 4-10 ans Des projets simples et amusants pour \u00e9veiller la cr\u00e9ativit\u00e9 : peinture, cuisine, confection d\u2019objet, r\u00e9alisation de semainier, roue des \u00e9motions\u2026 Les enfants d\u00e9veloppent leur motricit\u00e9 fine, leur sens artistique et le plaisir de cr\u00e9er avec leurs mains. Pour les petits artistes en herbe, des r\u00e9alisations plus \u00e9labor\u00e9es : peinture, cuisine, diamonds&hellip;&nbsp;<a href=\"https:\/\/lefoyerdesabeilles.fr\/index.php\/ateliers-4-10-ans\/\" rel=\"bookmark\"><span class=\"screen-reader-text\">Ateliers 4-10 ans<\/span><\/a><\/p>\n","protected":false},"author":1,"featured_media":0,"parent":0,"menu_order":0,"comment_status":"closed","ping_status":"closed","template":"","meta":{"neve_meta_sidebar":"","neve_meta_container":"","neve_meta_enable_content_width":"","neve_meta_content_width":0,"neve_meta_title_alignment":"","neve_meta_author_avatar":"","neve_post_elements_order":"","neve_meta_disable_header":"","neve_meta_disable_footer":"","neve_meta_disable_title":"","footnotes":""},"class_list":["post-908","page","type-page","status-publish","hentry"],"_links":{"self":[{"href":"https:\/\/lefoyerdesabeilles.fr\/index.php\/wp-json\/wp\/v2\/pages\/908","targetHints":{"allow":["GET"]}}],"collection":[{"href":"https:\/\/lefoyerdesabeilles.fr\/index.php\/wp-json\/wp\/v2\/pages"}],"about":[{"href":"https:\/\/lefoyerdesabeilles.fr\/index.php\/wp-json\/wp\/v2\/types\/page"}],"author":[{"embeddable":true,"href":"https:\/\/lefoyerdesabeilles.fr\/index.php\/wp-json\/wp\/v2\/users\/1"}],"replies":[{"embeddable":true,"href":"https:\/\/lefoyerdesabeilles.fr\/index.php\/wp-json\/wp\/v2\/comments?post=908"}],"version-history":[{"count":5,"href":"https:\/\/lefoyerdesabeilles.fr\/index.php\/wp-json\/wp\/v2\/pages\/908\/revisions"}],"predecessor-version":[{"id":916,"href":"https:\/\/lefoyerdesabeilles.fr\/index.php\/wp-json\/wp\/v2\/pages\/908\/revisions\/916"}],"wp:attachment":[{"href":"https:\/\/lefoyerdesabeilles.fr\/index.php\/wp-json\/wp\/v2\/media?parent=908"}],"curies":[{"name":"wp","href":"https:\/\/api.w.org\/{rel}","templated":true}]}}